{"id":5819,"date":"2022-03-17T10:04:43","date_gmt":"2022-03-17T09:04:43","guid":{"rendered":"https:\/\/grinellstudio.com\/kontakt\/"},"modified":"2025-10-16T11:39:27","modified_gmt":"2025-10-16T11:39:27","slug":"kontakt","status":"publish","type":"page","link":"https:\/\/grinellstudio.com\/sr\/kontakt\/","title":{"rendered":"Kontakti"},"content":{"rendered":"\t\t<div data-elementor-type=\"wp-page\" data-elementor-id=\"5819\" class=\"elementor elementor-5819 elementor-850\">\n\t\t\t\t\t\t\t\t\t<section class=\"elementor-section elementor-top-section elementor-element elementor-element-0036cd3 elementor-section-boxed elementor-section-height-default elementor-section-height-default\" data-id=\"0036cd3\" data-element_type=\"section\">\n\t\t\t\t\t\t<div class=\"elementor-container elementor-column-gap-default\">\n\t\t\t\t\t<div class=\"elementor-column elementor-col-50 elementor-top-column elementor-element elementor-element-8e7f38f\" data-id=\"8e7f38f\" data-element_type=\"column\">\n\t\t\t<div class=\"elementor-widget-wrap elementor-element-populated\">\n\t\t\t\t\t\t\t\t<section class=\"elementor-section elementor-inner-section elementor-element elementor-element-7b279da elementor-section-boxed elementor-section-height-default elementor-section-height-default\" data-id=\"7b279da\" data-element_type=\"section\">\n\t\t\t\t\t\t<div class=\"elementor-container elementor-column-gap-default\">\n\t\t\t\t\t<div class=\"elementor-column elementor-col-100 elementor-inner-column elementor-element elementor-element-6eeb83d\" data-id=\"6eeb83d\" data-element_type=\"column\" data-settings=\"{&quot;background_background&quot;:&quot;classic&quot;}\">\n\t\t\t<div class=\"elementor-widget-wrap elementor-element-populated\">\n\t\t\t\t\t\t\t\t<div class=\"elementor-element elementor-element-155e370 aleft elementor-widget elementor-widget-wgl-double-heading\" data-id=\"155e370\" data-element_type=\"widget\" data-widget_type=\"wgl-double-heading.default\">\n\t\t\t\t<div class=\"elementor-widget-container\">\n\t\t\t<div class=\"wgl-double-heading\"><h3 class=\"dblh__title-wrapper\"><span class=\"dblh__title dblh__title-1\">Pi\u0161ite nam<\/span><\/h3><\/div>\t\t<\/div>\n\t\t\t\t<\/div>\n\t\t\t\t<div class=\"elementor-element elementor-element-b80d2f2 elementor-widget elementor-widget-text-editor\" data-id=\"b80d2f2\" data-element_type=\"widget\" data-widget_type=\"text-editor.default\">\n\t\t\t\t<div class=\"elementor-widget-container\">\n\t\t\t\t\t\t\tVa\u0161a email adresa nec\u0301e biti objavljena. Obavezna polja su ozna\u010dena *\t\t\t\t\t\t<\/div>\n\t\t\t\t<\/div>\n\t\t\t\t<div class=\"elementor-element elementor-element-cba8ed0 aleft elementor-widget elementor-widget-wgl-contact-form-7\" data-id=\"cba8ed0\" data-element_type=\"widget\" data-widget_type=\"wgl-contact-form-7.default\">\n\t\t\t\t<div class=\"elementor-widget-container\">\n\t\t\t<div class=\"wgl-contact-form-7\">\n<div class=\"wpcf7 no-js\" id=\"wpcf7-f5878-o1\" lang=\"sr-RS\" dir=\"ltr\" data-wpcf7-id=\"5878\">\n<div class=\"screen-reader-response\"><p role=\"status\" aria-live=\"polite\" aria-atomic=\"true\"><\/p> <ul><\/ul><\/div>\n<form action=\"\/sr\/wp-json\/wp\/v2\/pages\/5819#wpcf7-f5878-o1\" method=\"post\" class=\"wpcf7-form init\" aria-label=\"Contact form\" novalidate=\"novalidate\" data-status=\"init\">\n<fieldset class=\"hidden-fields-container\"><input type=\"hidden\" name=\"_wpcf7\" value=\"5878\" \/><input type=\"hidden\" name=\"_wpcf7_version\" value=\"6.1.5\" \/><input type=\"hidden\" name=\"_wpcf7_locale\" value=\"sr_RS\" \/><input type=\"hidden\" name=\"_wpcf7_unit_tag\" value=\"wpcf7-f5878-o1\" \/><input type=\"hidden\" name=\"_wpcf7_container_post\" value=\"0\" \/><input type=\"hidden\" name=\"_wpcf7_posted_data_hash\" value=\"\" \/><input type=\"hidden\" name=\"_wpcf7_recaptcha_response\" value=\"\" \/>\n<\/fieldset>\n<p><label> Tvoje ime<br \/>\n<span class=\"wpcf7-form-control-wrap\" data-name=\"your-name\"><input size=\"40\" maxlength=\"400\" class=\"wpcf7-form-control wpcf7-text wpcf7-validates-as-required\" aria-required=\"true\" aria-invalid=\"false\" value=\"\" type=\"text\" name=\"your-name\" \/><\/span> <\/label>\n<\/p>\n<p><label> Va\u0161a e-po\u0161ta<br \/>\n<span class=\"wpcf7-form-control-wrap\" data-name=\"your-email\"><input size=\"40\" maxlength=\"400\" class=\"wpcf7-form-control wpcf7-email wpcf7-validates-as-required wpcf7-text wpcf7-validates-as-email\" aria-required=\"true\" aria-invalid=\"false\" value=\"\" type=\"email\" name=\"your-email\" \/><\/span> <\/label>\n<\/p>\n<p><label> Tema<br \/>\n<span class=\"wpcf7-form-control-wrap\" data-name=\"your-subject\"><input size=\"40\" maxlength=\"400\" class=\"wpcf7-form-control wpcf7-text wpcf7-validates-as-required\" aria-required=\"true\" aria-invalid=\"false\" value=\"\" type=\"text\" name=\"your-subject\" \/><\/span> <\/label>\n<\/p>\n<p><label> Va\u0161a poruka<br \/>\n<span class=\"wpcf7-form-control-wrap\" data-name=\"your-message\"><textarea cols=\"40\" rows=\"10\" maxlength=\"2000\" class=\"wpcf7-form-control wpcf7-textarea\" aria-invalid=\"false\" name=\"your-message\"><\/textarea><\/span> <\/label>\n<\/p>\n<p><input class=\"wpcf7-form-control wpcf7-submit has-spinner\" type=\"submit\" value=\"Submit\" \/>\n<\/p><div class=\"wpcf7-response-output\" aria-hidden=\"true\"><\/div>\n<\/form>\n<\/div>\n<\/div>\t\t<\/div>\n\t\t\t\t<\/div>\n\t\t\t\t\t<\/div>\n\t\t<\/div>\n\t\t\t\t\t\t\t<\/div>\n\t\t<\/section>\n\t\t\t\t\t<\/div>\n\t\t<\/div>\n\t\t\t\t<div class=\"elementor-column elementor-col-50 elementor-top-column elementor-element elementor-element-ba1a346\" data-id=\"ba1a346\" data-element_type=\"column\">\n\t\t\t<div class=\"elementor-widget-wrap elementor-element-populated\">\n\t\t\t\t\t\t\t\t<div class=\"elementor-element elementor-element-1b5f24f elementor-widget elementor-widget-spacer\" data-id=\"1b5f24f\" data-element_type=\"widget\" data-widget_type=\"spacer.default\">\n\t\t\t\t<div class=\"elementor-widget-container\">\n\t\t\t\t\t<div class=\"elementor-spacer\">\n\t\t\t<div class=\"elementor-spacer-inner\"><\/div>\n\t\t<\/div>\n\t\t\t\t<\/div>\n\t\t\t\t<\/div>\n\t\t\t\t<div class=\"elementor-element elementor-element-dd5e9d2 aleft elementor-widget elementor-widget-wgl-double-heading\" data-id=\"dd5e9d2\" data-element_type=\"widget\" data-widget_type=\"wgl-double-heading.default\">\n\t\t\t\t<div class=\"elementor-widget-container\">\n\t\t\t<div class=\"wgl-double-heading\"><div class=\"dblh__subtitle\"><span>Na\u0161 kontakt<\/span><\/div><h3 class=\"dblh__title-wrapper\"><span class=\"dblh__title dblh__title-1\">Mo\u017eemo to zajedno.\n<\/span><\/h3><\/div>\t\t<\/div>\n\t\t\t\t<\/div>\n\t\t\t\t<div class=\"elementor-element elementor-element-3db7f32 elementor-widget elementor-widget-text-editor\" data-id=\"3db7f32\" data-element_type=\"widget\" data-widget_type=\"text-editor.default\">\n\t\t\t\t<div class=\"elementor-widget-container\">\n\t\t\t\t\t\t\t<p><span style=\"font-weight: 400;\">Imate projekat, ideju ili pitanje? <br><\/span><span style=\"font-weight: 400;\">Javite nam se! Tu smo da razgovaramo, razmotrimo mogu\u0107nosti i prona\u0111emo re\u0161enje koje vam najvi\u0161e odgovara.<\/span><\/p>\t\t\t\t\t\t<\/div>\n\t\t\t\t<\/div>\n\t\t\t\t<div class=\"elementor-element elementor-element-720d5cb elementor-widget elementor-widget-text-editor\" data-id=\"720d5cb\" data-element_type=\"widget\" data-widget_type=\"text-editor.default\">\n\t\t\t\t<div class=\"elementor-widget-container\">\n\t\t\t\t\t\t\t<ul class=\"no-list-style\"><li style=\"line-height: 2.4; margin-bottom: 7px;\">Krfska 8, Zaje\u010dar, Srbija<\/li><li><a href=\"https:\/\/grinellstudio.com\/sr\/kontakt\/\">+381 69 325 48 00<\/a><\/li><li><p>office@grinellstudio.com<\/p><\/li><\/ul>\t\t\t\t\t\t<\/div>\n\t\t\t\t<\/div>\n\t\t\t\t<div class=\"elementor-element elementor-element-9d91d21 elementor-shape-rounded elementor-widget elementor-widget-wgl-social-icons\" data-id=\"9d91d21\" data-element_type=\"widget\" data-widget_type=\"wgl-social-icons.default\">\n\t\t\t\t<div class=\"elementor-widget-container\">\n\t\t\t<div class=\"wgl-social-icons elementor-social-icons-wrapper\"><a class=\"elementor-icon elementor-social-icon elementor-social-icon-instagram elementor-repeater-item-e5effc8\" href=\"https:\/\/www.instagram.com\/grinell.studio\" target=\"_blank\" title=\"Instagram\"><span class=\"elementor-screen-only\">Instagram<\/span><i class=\"fab fa-instagram\"><\/i><\/a><\/div>\t\t<\/div>\n\t\t\t\t<\/div>\n\t\t\t\t<div class=\"elementor-element elementor-element-407b970 elementor-widget elementor-widget-spacer\" data-id=\"407b970\" data-element_type=\"widget\" data-widget_type=\"spacer.default\">\n\t\t\t\t<div class=\"elementor-widget-container\">\n\t\t\t\t\t<div class=\"elementor-spacer\">\n\t\t\t<div class=\"elementor-spacer-inner\"><\/div>\n\t\t<\/div>\n\t\t\t\t<\/div>\n\t\t\t\t<\/div>\n\t\t\t\t\t<\/div>\n\t\t<\/div>\n\t\t\t\t\t\t\t<\/div>\n\t\t<\/section>\n\t\t\t\t<section class=\"elementor-section elementor-top-section elementor-element elementor-element-86d60fd elementor-section-boxed elementor-section-height-default elementor-section-height-default\" data-id=\"86d60fd\" data-element_type=\"section\">\n\t\t\t\t\t\t<div class=\"elementor-container elementor-column-gap-default\">\n\t\t\t\t\t<div class=\"elementor-column elementor-col-100 elementor-top-column elementor-element elementor-element-930404a\" data-id=\"930404a\" data-element_type=\"column\">\n\t\t\t<div class=\"elementor-widget-wrap elementor-element-populated\">\n\t\t\t\t\t\t\t\t<div class=\"elementor-element elementor-element-cfd11d7 elementor-widget elementor-widget-spacer\" data-id=\"cfd11d7\" data-element_type=\"widget\" data-widget_type=\"spacer.default\">\n\t\t\t\t<div class=\"elementor-widget-container\">\n\t\t\t\t\t<div class=\"elementor-spacer\">\n\t\t\t<div class=\"elementor-spacer-inner\"><\/div>\n\t\t<\/div>\n\t\t\t\t<\/div>\n\t\t\t\t<\/div>\n\t\t\t\t\t<\/div>\n\t\t<\/div>\n\t\t\t\t\t\t\t<\/div>\n\t\t<\/section>\n\t\t\t\t<section class=\"elementor-section elementor-top-section elementor-element elementor-element-12dccae elementor-section-full_width elementor-section-height-default elementor-section-height-default\" data-id=\"12dccae\" data-element_type=\"section\">\n\t\t\t\t\t\t<div class=\"elementor-container elementor-column-gap-no\">\n\t\t\t\t\t<div class=\"elementor-column elementor-col-100 elementor-top-column elementor-element elementor-element-77949e3\" data-id=\"77949e3\" data-element_type=\"column\">\n\t\t\t<div class=\"elementor-widget-wrap elementor-element-populated\">\n\t\t\t\t\t\t\t\t<div class=\"elementor-element elementor-element-6d1183d elementor-widget elementor-widget-google_maps\" data-id=\"6d1183d\" data-element_type=\"widget\" data-widget_type=\"google_maps.default\">\n\t\t\t\t<div class=\"elementor-widget-container\">\n\t\t\t\t\t<div class=\"elementor-custom-embed\">\n\t\t\t<iframe loading=\"lazy\"\n\t\t\t\t\tsrc=\"https:\/\/www.google.com\/maps\/embed\/v1\/place?key=AIzaSyBzIFJ9xfZGSe33-PtjI8FwHnkiwJmN8j4&#038;q=Krfska%208%2C%20Zajecar&#038;zoom=5\"\n\t\t\t\t\ttitle=\"Krfska 8, Zajecar\"\n\t\t\t\t\taria-label=\"Krfska 8, Zajecar\"\n\t\t\t><\/iframe>\n\t\t<\/div>\n\t\t\t\t<\/div>\n\t\t\t\t<\/div>\n\t\t\t\t\t<\/div>\n\t\t<\/div>\n\t\t\t\t\t\t\t<\/div>\n\t\t<\/section>\n\t\t\t\t\t\t\t<\/div>\n\t\t","protected":false},"excerpt":{"rendered":"<p>Pi\u0161ite nam Va\u0161a email adresa nec\u0301e biti objavljena. Obavezna polja su ozna\u010dena * Your name Your email Subject Your message Na\u0161 kontakt Mo\u017eemo to zajedno. Imate projekat, ideju ili pitanje? Javite nam se! Tu smo da razgovaramo, razmotrimo mogu\u0107nosti i prona\u0111emo re\u0161enje koje vam najvi\u0161e odgovara. Krfska 8, Zaje\u010dar, Srbija +381 69 325 48 00 [&hellip;]<\/p>\n","protected":false},"author":1,"featured_media":0,"parent":0,"menu_order":4,"comment_status":"closed","ping_status":"closed","template":"","meta":{"inline_featured_image":false,"loftloader_page_shortcode":"","footnotes":""},"class_list":["post-5819","page","type-page","status-publish","hentry"],"yoast_head":"<!-- This site is optimized with the Yoast SEO plugin v27.5 - https:\/\/yoast.com\/product\/yoast-seo-wordpress\/ -->\n<title>Kontakti - Grinell Studio<\/title>\n<meta name=\"description\" content=\"Stupite u kontakt sa Grinell Studio-om, va\u0161im kreativnim dizajnerskim studiom za grafi\u010dki dizajn, 3D modeliranje, video produkciju i jo\u0161 mnogo toga. Kontaktirajte nas vec\u0301 danas da transformi\u0161ete svoje ideje u vizuelni sjaj i podignete prisustvo va\u0161eg brenda.\" \/>\n<meta name=\"robots\" content=\"index, follow, max-snippet:-1, max-image-preview:large, max-video-preview:-1\" \/>\n<link rel=\"canonical\" href=\"https:\/\/grinellstudio.com\/sr\/kontakt\/\" \/>\n<meta property=\"og:locale\" content=\"sr_RS\" \/>\n<meta property=\"og:type\" content=\"article\" \/>\n<meta property=\"og:title\" content=\"Kontakti - Grinell Studio\" \/>\n<meta property=\"og:description\" content=\"Stupite u kontakt sa Grinell Studio-om, va\u0161im kreativnim dizajnerskim studiom za grafi\u010dki dizajn, 3D modeliranje, video produkciju i jo\u0161 mnogo toga. Kontaktirajte nas vec\u0301 danas da transformi\u0161ete svoje ideje u vizuelni sjaj i podignete prisustvo va\u0161eg brenda.\" \/>\n<meta property=\"og:url\" content=\"https:\/\/grinellstudio.com\/sr\/kontakt\/\" \/>\n<meta property=\"og:site_name\" content=\"Grinell Studio\" \/>\n<meta property=\"article:publisher\" content=\"https:\/\/www.facebook.com\/GrinelS\" \/>\n<meta property=\"article:modified_time\" content=\"2025-10-16T11:39:27+00:00\" \/>\n<meta property=\"og:image\" content=\"https:\/\/grinellstudio.com\/wp-content\/uploads\/2022\/03\/brand-management-branding-rebranding-concept.png\" \/>\n\t<meta property=\"og:image:width\" content=\"1500\" \/>\n\t<meta property=\"og:image:height\" content=\"1000\" \/>\n\t<meta property=\"og:image:type\" content=\"image\/png\" \/>\n<meta name=\"twitter:card\" content=\"summary_large_image\" \/>\n<meta name=\"twitter:label1\" content=\"\u041f\u0440\u043e\u0446\u0435\u045a\u0435\u043d\u043e \u0432\u0440\u0435\u043c\u0435 \u0447\u0438\u0442\u0430\u045a\u0430\" \/>\n\t<meta name=\"twitter:data1\" content=\"1 \u043c\u0438\u043d\u0443\u0442\" \/>\n<script type=\"application\/ld+json\" class=\"yoast-schema-graph\">{\"@context\":\"https:\\\/\\\/schema.org\",\"@graph\":[{\"@type\":\"WebPage\",\"@id\":\"https:\\\/\\\/grinellstudio.com\\\/sr\\\/kontakt\\\/\",\"url\":\"https:\\\/\\\/grinellstudio.com\\\/sr\\\/kontakt\\\/\",\"name\":\"Kontakti - Grinell Studio\",\"isPartOf\":{\"@id\":\"https:\\\/\\\/grinellstudio.com\\\/sr\\\/#website\"},\"datePublished\":\"2022-03-17T09:04:43+00:00\",\"dateModified\":\"2025-10-16T11:39:27+00:00\",\"description\":\"Stupite u kontakt sa Grinell Studio-om, va\u0161im kreativnim dizajnerskim studiom za grafi\u010dki dizajn, 3D modeliranje, video produkciju i jo\u0161 mnogo toga. Kontaktirajte nas vec\u0301 danas da transformi\u0161ete svoje ideje u vizuelni sjaj i podignete prisustvo va\u0161eg brenda.\",\"breadcrumb\":{\"@id\":\"https:\\\/\\\/grinellstudio.com\\\/sr\\\/kontakt\\\/#breadcrumb\"},\"inLanguage\":\"sr-RS\",\"potentialAction\":[{\"@type\":\"ReadAction\",\"target\":[\"https:\\\/\\\/grinellstudio.com\\\/sr\\\/kontakt\\\/\"]}]},{\"@type\":\"BreadcrumbList\",\"@id\":\"https:\\\/\\\/grinellstudio.com\\\/sr\\\/kontakt\\\/#breadcrumb\",\"itemListElement\":[{\"@type\":\"ListItem\",\"position\":1,\"name\":\"Home\",\"item\":\"https:\\\/\\\/grinellstudio.com\\\/sr\\\/\"},{\"@type\":\"ListItem\",\"position\":2,\"name\":\"Kontakti\"}]},{\"@type\":\"WebSite\",\"@id\":\"https:\\\/\\\/grinellstudio.com\\\/sr\\\/#website\",\"url\":\"https:\\\/\\\/grinellstudio.com\\\/sr\\\/\",\"name\":\"Grinell Studio\",\"description\":\"Creative Design Agency\",\"publisher\":{\"@id\":\"https:\\\/\\\/grinellstudio.com\\\/sr\\\/#organization\"},\"potentialAction\":[{\"@type\":\"SearchAction\",\"target\":{\"@type\":\"EntryPoint\",\"urlTemplate\":\"https:\\\/\\\/grinellstudio.com\\\/sr\\\/?s={search_term_string}\"},\"query-input\":{\"@type\":\"PropertyValueSpecification\",\"valueRequired\":true,\"valueName\":\"search_term_string\"}}],\"inLanguage\":\"sr-RS\"},{\"@type\":\"Organization\",\"@id\":\"https:\\\/\\\/grinellstudio.com\\\/sr\\\/#organization\",\"name\":\"Grinell Studio\",\"url\":\"https:\\\/\\\/grinellstudio.com\\\/sr\\\/\",\"logo\":{\"@type\":\"ImageObject\",\"inLanguage\":\"sr-RS\",\"@id\":\"https:\\\/\\\/grinellstudio.com\\\/sr\\\/#\\\/schema\\\/logo\\\/image\\\/\",\"url\":\"https:\\\/\\\/grinellstudio.com\\\/wp-content\\\/uploads\\\/2023\\\/10\\\/favicon.png\",\"contentUrl\":\"https:\\\/\\\/grinellstudio.com\\\/wp-content\\\/uploads\\\/2023\\\/10\\\/favicon.png\",\"width\":514,\"height\":514,\"caption\":\"Grinell Studio\"},\"image\":{\"@id\":\"https:\\\/\\\/grinellstudio.com\\\/sr\\\/#\\\/schema\\\/logo\\\/image\\\/\"},\"sameAs\":[\"https:\\\/\\\/www.facebook.com\\\/GrinelS\",\"https:\\\/\\\/www.instagram.com\\\/grinell.studio\\\/?hl=en\",\"https:\\\/\\\/www.linkedin.com\\\/company\\\/grinellstudio\\\/\"]}]}<\/script>\n<!-- \/ Yoast SEO plugin. -->","yoast_head_json":{"title":"Kontakti - Grinell Studio","description":"Stupite u kontakt sa Grinell Studio-om, va\u0161im kreativnim dizajnerskim studiom za grafi\u010dki dizajn, 3D modeliranje, video produkciju i jo\u0161 mnogo toga. Kontaktirajte nas vec\u0301 danas da transformi\u0161ete svoje ideje u vizuelni sjaj i podignete prisustvo va\u0161eg brenda.","robots":{"index":"index","follow":"follow","max-snippet":"max-snippet:-1","max-image-preview":"max-image-preview:large","max-video-preview":"max-video-preview:-1"},"canonical":"https:\/\/grinellstudio.com\/sr\/kontakt\/","og_locale":"sr_RS","og_type":"article","og_title":"Kontakti - Grinell Studio","og_description":"Stupite u kontakt sa Grinell Studio-om, va\u0161im kreativnim dizajnerskim studiom za grafi\u010dki dizajn, 3D modeliranje, video produkciju i jo\u0161 mnogo toga. Kontaktirajte nas vec\u0301 danas da transformi\u0161ete svoje ideje u vizuelni sjaj i podignete prisustvo va\u0161eg brenda.","og_url":"https:\/\/grinellstudio.com\/sr\/kontakt\/","og_site_name":"Grinell Studio","article_publisher":"https:\/\/www.facebook.com\/GrinelS","article_modified_time":"2025-10-16T11:39:27+00:00","og_image":[{"width":1500,"height":1000,"url":"https:\/\/grinellstudio.com\/wp-content\/uploads\/2022\/03\/brand-management-branding-rebranding-concept.png","type":"image\/png"}],"twitter_card":"summary_large_image","twitter_misc":{"\u041f\u0440\u043e\u0446\u0435\u045a\u0435\u043d\u043e \u0432\u0440\u0435\u043c\u0435 \u0447\u0438\u0442\u0430\u045a\u0430":"1 \u043c\u0438\u043d\u0443\u0442"},"schema":{"@context":"https:\/\/schema.org","@graph":[{"@type":"WebPage","@id":"https:\/\/grinellstudio.com\/sr\/kontakt\/","url":"https:\/\/grinellstudio.com\/sr\/kontakt\/","name":"Kontakti - Grinell Studio","isPartOf":{"@id":"https:\/\/grinellstudio.com\/sr\/#website"},"datePublished":"2022-03-17T09:04:43+00:00","dateModified":"2025-10-16T11:39:27+00:00","description":"Stupite u kontakt sa Grinell Studio-om, va\u0161im kreativnim dizajnerskim studiom za grafi\u010dki dizajn, 3D modeliranje, video produkciju i jo\u0161 mnogo toga. Kontaktirajte nas vec\u0301 danas da transformi\u0161ete svoje ideje u vizuelni sjaj i podignete prisustvo va\u0161eg brenda.","breadcrumb":{"@id":"https:\/\/grinellstudio.com\/sr\/kontakt\/#breadcrumb"},"inLanguage":"sr-RS","potentialAction":[{"@type":"ReadAction","target":["https:\/\/grinellstudio.com\/sr\/kontakt\/"]}]},{"@type":"BreadcrumbList","@id":"https:\/\/grinellstudio.com\/sr\/kontakt\/#breadcrumb","itemListElement":[{"@type":"ListItem","position":1,"name":"Home","item":"https:\/\/grinellstudio.com\/sr\/"},{"@type":"ListItem","position":2,"name":"Kontakti"}]},{"@type":"WebSite","@id":"https:\/\/grinellstudio.com\/sr\/#website","url":"https:\/\/grinellstudio.com\/sr\/","name":"Grinell Studio","description":"Creative Design Agency","publisher":{"@id":"https:\/\/grinellstudio.com\/sr\/#organization"},"potentialAction":[{"@type":"SearchAction","target":{"@type":"EntryPoint","urlTemplate":"https:\/\/grinellstudio.com\/sr\/?s={search_term_string}"},"query-input":{"@type":"PropertyValueSpecification","valueRequired":true,"valueName":"search_term_string"}}],"inLanguage":"sr-RS"},{"@type":"Organization","@id":"https:\/\/grinellstudio.com\/sr\/#organization","name":"Grinell Studio","url":"https:\/\/grinellstudio.com\/sr\/","logo":{"@type":"ImageObject","inLanguage":"sr-RS","@id":"https:\/\/grinellstudio.com\/sr\/#\/schema\/logo\/image\/","url":"https:\/\/grinellstudio.com\/wp-content\/uploads\/2023\/10\/favicon.png","contentUrl":"https:\/\/grinellstudio.com\/wp-content\/uploads\/2023\/10\/favicon.png","width":514,"height":514,"caption":"Grinell Studio"},"image":{"@id":"https:\/\/grinellstudio.com\/sr\/#\/schema\/logo\/image\/"},"sameAs":["https:\/\/www.facebook.com\/GrinelS","https:\/\/www.instagram.com\/grinell.studio\/?hl=en","https:\/\/www.linkedin.com\/company\/grinellstudio\/"]}]}},"_links":{"self":[{"href":"https:\/\/grinellstudio.com\/sr\/wp-json\/wp\/v2\/pages\/5819","targetHints":{"allow":["GET"]}}],"collection":[{"href":"https:\/\/grinellstudio.com\/sr\/wp-json\/wp\/v2\/pages"}],"about":[{"href":"https:\/\/grinellstudio.com\/sr\/wp-json\/wp\/v2\/types\/page"}],"author":[{"embeddable":true,"href":"https:\/\/grinellstudio.com\/sr\/wp-json\/wp\/v2\/users\/1"}],"replies":[{"embeddable":true,"href":"https:\/\/grinellstudio.com\/sr\/wp-json\/wp\/v2\/comments?post=5819"}],"version-history":[{"count":8,"href":"https:\/\/grinellstudio.com\/sr\/wp-json\/wp\/v2\/pages\/5819\/revisions"}],"predecessor-version":[{"id":6186,"href":"https:\/\/grinellstudio.com\/sr\/wp-json\/wp\/v2\/pages\/5819\/revisions\/6186"}],"wp:attachment":[{"href":"https:\/\/grinellstudio.com\/sr\/wp-json\/wp\/v2\/media?parent=5819"}],"curies":[{"name":"wp","href":"https:\/\/api.w.org\/{rel}","templated":true}]}}