{"id":5834,"date":"2022-03-23T17:45:46","date_gmt":"2022-03-23T17:45:46","guid":{"rendered":"https:\/\/grinellstudio.com\/nas-tim\/"},"modified":"2025-10-16T11:33:55","modified_gmt":"2025-10-16T11:33:55","slug":"nas-tim","status":"publish","type":"page","link":"https:\/\/grinellstudio.com\/sr\/nas-tim\/","title":{"rendered":"Na\u0161 tim"},"content":{"rendered":"\t\t<div data-elementor-type=\"wp-page\" data-elementor-id=\"5834\" class=\"elementor elementor-5834 elementor-1828\">\n\t\t\t\t\t\t\t\t\t<section class=\"elementor-section elementor-top-section elementor-element elementor-element-a9ed562 elementor-section-boxed elementor-section-height-default elementor-section-height-default\" data-id=\"a9ed562\" data-element_type=\"section\">\n\t\t\t\t\t\t<div class=\"elementor-container elementor-column-gap-default\">\n\t\t\t\t\t<div class=\"elementor-column elementor-col-50 elementor-top-column elementor-element elementor-element-599ac0e\" data-id=\"599ac0e\" data-element_type=\"column\">\n\t\t\t<div class=\"elementor-widget-wrap elementor-element-populated\">\n\t\t\t\t\t\t\t\t<div class=\"elementor-element elementor-element-dfbcb2e aleft elementor-widget elementor-widget-wgl-double-heading\" data-id=\"dfbcb2e\" data-element_type=\"widget\" data-widget_type=\"wgl-double-heading.default\">\n\t\t\t\t<div class=\"elementor-widget-container\">\n\t\t\t<div class=\"wgl-double-heading\"><div class=\"dblh__subtitle\"><span>Tim<\/span><\/div><h3 class=\"dblh__title-wrapper\"><span class=\"dblh__title dblh__title-1\">Na\u0161 tim posve\u0107enih profesionalaca<\/span><\/h3><\/div>\t\t<\/div>\n\t\t\t\t<\/div>\n\t\t\t\t<div class=\"elementor-element elementor-element-71123eb aleft has-animated-bg elementor-widget elementor-widget-wgl-button\" data-id=\"71123eb\" data-element_type=\"widget\" data-widget_type=\"wgl-button.default\">\n\t\t\t\t<div class=\"elementor-widget-container\">\n\t\t\t<a  class=\"wgl-button btn-size-lg \" role=\"button\" href=\"https:\/\/grinellstudio.com\/sr\/kontakt\/\"><div class=\"button__content \"><span class=\"button__text\">KONTAKTIRAJTE NAS<\/span><\/div><\/a>\t\t<\/div>\n\t\t\t\t<\/div>\n\t\t\t\t\t<\/div>\n\t\t<\/div>\n\t\t\t\t<div class=\"elementor-column elementor-col-50 elementor-top-column elementor-element elementor-element-94847ec\" data-id=\"94847ec\" data-element_type=\"column\">\n\t\t\t<div class=\"elementor-widget-wrap elementor-element-populated\">\n\t\t\t\t\t\t\t\t<div class=\"elementor-element elementor-element-7bbb016 elementor-widget elementor-widget-text-editor\" data-id=\"7bbb016\" data-element_type=\"widget\" data-widget_type=\"text-editor.default\">\n\t\t\t\t<div class=\"elementor-widget-container\">\n\t\t\t\t\t\t\t<p><span style=\"font-weight: 400;\">Iza svakog na\u0161eg projekta stoje ljudi koji vole ono \u0161to rade. <\/span><span style=\"font-weight: 400;\">Neki su odrasli me\u0111u bojama i papirima, neki su se zaljubili u svetlo monitora, a svi dele istu radoznalost &#8211; kako zamisao pretvoriti u ne\u0161to korisno, lepo i smisleno.<\/span><\/p><p><span style=\"font-weight: 400;\">Na\u0161 tim \u010dine dizajneri, fotografi, snimatelji, programeri i umetnici koji se me\u0111usobno poznaju dovoljno dobro da im nijedna ideja ne zvu\u010di \u010dudno, i ni\u0161ta ne\u0107e otpisati kao nemogu\u0107e. <\/span><span style=\"font-weight: 400;\">Svako od nas ima svoj na\u010din razmi\u0161ljanja, ali svi govorimo istim kreativnim jezikom, i verujemo u otvorenu, direktnu komunikaciju, kako interno, tako i sa klijentima.<\/span><span style=\"font-weight: 400;\"><br><\/span><span style=\"font-weight: 400;\"><br><\/span><span style=\"font-weight: 400;\">Projektima pristupamo kao da su u pitanju svetski problemi, a stvaramo kao od \u0161ale. <\/span><span style=\"font-weight: 400;\">I ba\u0161 negde izme\u0111u ta dva trenutka, ozbiljnosti i lako\u0107e, nastaju najbolja re\u0161enja.<\/span><span style=\"font-weight: 400;\"><br><\/span><\/p>\t\t\t\t\t\t<\/div>\n\t\t\t\t<\/div>\n\t\t\t\t\t<\/div>\n\t\t<\/div>\n\t\t\t\t\t\t\t<\/div>\n\t\t<\/section>\n\t\t\t\t<section class=\"elementor-section elementor-top-section elementor-element elementor-element-a7a4224 elementor-hidden-desktop elementor-hidden-tablet elementor-hidden-mobile elementor-section-boxed elementor-section-height-default elementor-section-height-default\" data-id=\"a7a4224\" data-element_type=\"section\">\n\t\t\t\t\t\t<div class=\"elementor-container elementor-column-gap-default\">\n\t\t\t\t\t<div class=\"elementor-column elementor-col-100 elementor-top-column elementor-element elementor-element-817d94a\" data-id=\"817d94a\" data-element_type=\"column\">\n\t\t\t<div class=\"elementor-widget-wrap elementor-element-populated\">\n\t\t\t\t\t\t\t\t<div class=\"elementor-element elementor-element-c98eb1b elementor-widget elementor-widget-spacer\" data-id=\"c98eb1b\" data-element_type=\"widget\" data-widget_type=\"spacer.default\">\n\t\t\t\t<div class=\"elementor-widget-container\">\n\t\t\t\t\t<div class=\"elementor-spacer\">\n\t\t\t<div class=\"elementor-spacer-inner\"><\/div>\n\t\t<\/div>\n\t\t\t\t<\/div>\n\t\t\t\t<\/div>\n\t\t\t\t<div class=\"elementor-element elementor-element-89d8e75 elementor-widget elementor-widget-image\" data-id=\"89d8e75\" data-element_type=\"widget\" data-widget_type=\"image.default\">\n\t\t\t\t<div class=\"elementor-widget-container\">\n\t\t\t\t\t\t\t\t\t\t\t\t\t\t\t<img loading=\"lazy\" decoding=\"async\" width=\"1400\" height=\"560\" src=\"https:\/\/grinellstudio.com\/wp-content\/uploads\/2022\/03\/team-section-1.jpg\" class=\"attachment-full size-full wp-image-5323\" alt=\"\" \/>\t\t\t\t\t\t\t\t\t\t\t\t\t\t\t<\/div>\n\t\t\t\t<\/div>\n\t\t\t\t<div class=\"elementor-element elementor-element-165483e elementor-widget elementor-widget-spacer\" data-id=\"165483e\" data-element_type=\"widget\" data-widget_type=\"spacer.default\">\n\t\t\t\t<div class=\"elementor-widget-container\">\n\t\t\t\t\t<div class=\"elementor-spacer\">\n\t\t\t<div class=\"elementor-spacer-inner\"><\/div>\n\t\t<\/div>\n\t\t\t\t<\/div>\n\t\t\t\t<\/div>\n\t\t\t\t\t<\/div>\n\t\t<\/div>\n\t\t\t\t\t\t\t<\/div>\n\t\t<\/section>\n\t\t\t\t<section class=\"elementor-section elementor-top-section elementor-element elementor-element-3b2a9d3 elementor-section-full_width elementor-section-height-default elementor-section-height-default\" data-id=\"3b2a9d3\" data-element_type=\"section\">\n\t\t\t\t\t\t<div class=\"elementor-container elementor-column-gap-no\">\n\t\t\t\t\t<div class=\"elementor-column elementor-col-100 elementor-top-column elementor-element elementor-element-8884f66\" data-id=\"8884f66\" data-element_type=\"column\">\n\t\t\t<div class=\"elementor-widget-wrap elementor-element-populated\">\n\t\t\t\t\t\t\t\t<div class=\"elementor-element elementor-element-a542d22 elementor-widget elementor-widget-wgl-text-path\" data-id=\"a542d22\" data-element_type=\"widget\" data-settings=\"{&quot;text&quot;:&quot;NA\\u0160 TIM&quot;,&quot;link&quot;:{&quot;url&quot;:&quot;&quot;,&quot;is_external&quot;:&quot;&quot;,&quot;nofollow&quot;:&quot;&quot;,&quot;custom_attributes&quot;:&quot;&quot;},&quot;animation_speed&quot;:30000,&quot;start_point&quot;:{&quot;unit&quot;:&quot;%&quot;,&quot;size&quot;:100,&quot;sizes&quot;:[]},&quot;start_point_tablet&quot;:{&quot;unit&quot;:&quot;px&quot;,&quot;size&quot;:&quot;&quot;,&quot;sizes&quot;:[]},&quot;start_point_mobile&quot;:{&quot;unit&quot;:&quot;px&quot;,&quot;size&quot;:&quot;&quot;,&quot;sizes&quot;:[]},&quot;end_point&quot;:{&quot;unit&quot;:&quot;%&quot;,&quot;size&quot;:-10,&quot;sizes&quot;:[]},&quot;end_point_tablet&quot;:{&quot;unit&quot;:&quot;px&quot;,&quot;size&quot;:&quot;&quot;,&quot;sizes&quot;:[]},&quot;end_point_mobile&quot;:{&quot;unit&quot;:&quot;px&quot;,&quot;size&quot;:&quot;&quot;,&quot;sizes&quot;:[]}}\" data-widget_type=\"wgl-text-path.default\">\n\t\t\t\t<div class=\"elementor-widget-container\">\n\t\t\t\t\t<div class=\"wgl-text-path loop_animation  clone_text add_divider \" data-backspace-count=\"\" data-d-type=\"arrow\" data-type-svg=\"wgl_line_simple\" data-text=\"NA\u0160 TIM\">\r\n\t\t\t<div class=\"simple_line\"><\/div>\t\t<\/div>\r\n\t\t\t\t<\/div>\n\t\t\t\t<\/div>\n\t\t\t\t\t<\/div>\n\t\t<\/div>\n\t\t\t\t\t\t\t<\/div>\n\t\t<\/section>\n\t\t\t\t<section class=\"elementor-section elementor-top-section elementor-element elementor-element-71c034a elementor-section-boxed elementor-section-height-default elementor-section-height-default\" data-id=\"71c034a\" data-element_type=\"section\">\n\t\t\t\t\t\t<div class=\"elementor-container elementor-column-gap-default\">\n\t\t\t\t\t<div class=\"elementor-column elementor-col-100 elementor-top-column elementor-element elementor-element-4257f18\" data-id=\"4257f18\" data-element_type=\"column\">\n\t\t\t<div class=\"elementor-widget-wrap elementor-element-populated\">\n\t\t\t\t\t\t\t\t<div class=\"elementor-element elementor-element-782f0cb elementor-widget elementor-widget-spacer\" data-id=\"782f0cb\" data-element_type=\"widget\" data-widget_type=\"spacer.default\">\n\t\t\t\t<div class=\"elementor-widget-container\">\n\t\t\t\t\t<div class=\"elementor-spacer\">\n\t\t\t<div class=\"elementor-spacer-inner\"><\/div>\n\t\t<\/div>\n\t\t\t\t<\/div>\n\t\t\t\t<\/div>\n\t\t\t\t<div class=\"elementor-element elementor-element-5eec65d aleft elementor-widget elementor-widget-wgl-double-heading\" data-id=\"5eec65d\" data-element_type=\"widget\" data-widget_type=\"wgl-double-heading.default\">\n\t\t\t\t<div class=\"elementor-widget-container\">\n\t\t\t<div class=\"wgl-double-heading\"><div class=\"dblh__subtitle\"><span>UPOZNAJ NA\u0160E PROFI\u0106E<\/span><\/div><h3 class=\"dblh__title-wrapper\"><span class=\"dblh__title dblh__title-1\">Tim koji gradi ideje koje pokrec\u0301e buduc\u0301nost<\/span><\/h3><\/div>\t\t<\/div>\n\t\t\t\t<\/div>\n\t\t\t\t<div class=\"elementor-element elementor-element-bbe05b3 aleft elementor-widget elementor-widget-wgl-team\" data-id=\"bbe05b3\" data-element_type=\"widget\" data-widget_type=\"wgl-team.default\">\n\t\t\t\t<div class=\"elementor-widget-container\">\n\t\t\t<section class=\"wgl_module_team\"><div class=\"team__members grid-col--3\"><article class=\"team__member\"><div class=\"member__wrapper\"><div class=\"member__media\"><a href=\"https:\/\/grinellstudio.com\/sr\/team\/marko-sibinovic\/\" class=\"member__thumbnail\"><img decoding=\"async\" src=\"https:\/\/grinellstudio.com\/wp-content\/uploads\/2022\/03\/sibinovic-700x680.webp\" class=\"thumbnail__featured\" alt=\"\"><\/a><div class=\"member__socials\"><a href=\"https:\/\/www.linkedin.com\/in\/marko-sibinovic\/\" class=\"social__icon fab fa-linkedin-in\"><\/a><a href=\"https:\/\/www.instagram.com\/sibinovicm\/\" class=\"social__icon fab fa-instagram\"><\/a><\/div><\/div><div class=\"member__info\"><span class=\"member__info-image\"><\/span><h2 class=\"member__name\"><a href=\"https:\/\/grinellstudio.com\/sr\/team\/marko-sibinovic\/\">Marko Sibinovic<\/a><\/h2><div class=\"info__wrapper\"><div class=\"info__highlighted\">Marketing specialist<\/div><\/div><\/div><\/div><\/article><article class=\"team__member\"><div class=\"member__wrapper\"><div class=\"member__media\"><a href=\"https:\/\/grinellstudio.com\/sr\/team\/milan-petrovic\/\" class=\"member__thumbnail\"><img decoding=\"async\" src=\"https:\/\/grinellstudio.com\/wp-content\/uploads\/2022\/03\/milan-700x680.webp\" class=\"thumbnail__featured\" alt=\"\"><\/a><div class=\"member__socials\"><a href=\"https:\/\/www.linkedin.com\/in\/milanpetrovic87\/\" class=\"social__icon fab fa-linkedin-in\"><\/a><a href=\"https:\/\/www.instagram.com\/milan.n.petrovic\/?hl=en\" class=\"social__icon fab fa-instagram\"><\/a><a href=\"https:\/\/www.instagram.com\/orsonbudd\/?hl=en\" class=\"social__icon fab fa-instagram\"><\/a><\/div><\/div><div class=\"member__info\"><span class=\"member__info-image\"><\/span><h2 class=\"member__name\"><a href=\"https:\/\/grinellstudio.com\/sr\/team\/milan-petrovic\/\">Milan Petrovi\u0107<\/a><\/h2><div class=\"info__wrapper\"><div class=\"info__highlighted\">Grafi\u010dki dizajn, Fotografija, Video<\/div><\/div><\/div><\/div><\/article><article class=\"team__member\"><div class=\"member__wrapper\"><div class=\"member__media\"><a href=\"https:\/\/grinellstudio.com\/sr\/team\/nevena-vicentic\/\" class=\"member__thumbnail\"><img decoding=\"async\" src=\"https:\/\/grinellstudio.com\/wp-content\/uploads\/2022\/03\/nevena-700x680.webp\" class=\"thumbnail__featured\" alt=\"\"><\/a><div class=\"member__socials\"><a href=\"https:\/\/www.linkedin.com\/in\/nevena-vicentic-b42a44210\/\" class=\"social__icon fab fa-linkedin-in\"><\/a><a href=\"https:\/\/www.instagram.com\/djena_djenaa\/?hl=en\" class=\"social__icon fab fa-instagram\"><\/a><\/div><\/div><div class=\"member__info\"><span class=\"member__info-image\"><\/span><h2 class=\"member__name\"><a href=\"https:\/\/grinellstudio.com\/sr\/team\/nevena-vicentic\/\">Nevena Vi\u0107enti\u0107<\/a><\/h2><div class=\"info__wrapper\"><div class=\"info__highlighted\">UI\/UX Designer<\/div><\/div><\/div><\/div><\/article><article class=\"team__member\"><div class=\"member__wrapper\"><div class=\"member__media\"><a href=\"https:\/\/grinellstudio.com\/sr\/team\/jelena-mladenovic\/\" class=\"member__thumbnail\"><img decoding=\"async\" src=\"https:\/\/grinellstudio.com\/wp-content\/uploads\/2022\/03\/jelena-700x680.webp\" class=\"thumbnail__featured\" alt=\"\"><\/a><div class=\"member__socials\"><a href=\"https:\/\/www.instagram.com\/jesha.balerina\/?hl=en\" class=\"social__icon fab fa-instagram\"><\/a><\/div><\/div><div class=\"member__info\"><span class=\"member__info-image\"><\/span><h2 class=\"member__name\"><a href=\"https:\/\/grinellstudio.com\/sr\/team\/jelena-mladenovic\/\">Jelena Mladenovi\u0107<\/a><\/h2><div class=\"info__wrapper\"><div class=\"info__highlighted\">Fotografkinja<\/div><\/div><\/div><\/div><\/article><article class=\"team__member\"><div class=\"member__wrapper\"><div class=\"member__media\"><a href=\"https:\/\/grinellstudio.com\/sr\/team\/marko-racic\/\" class=\"member__thumbnail\"><img decoding=\"async\" src=\"https:\/\/grinellstudio.com\/wp-content\/uploads\/2022\/03\/marko-racic-700x680.png\" class=\"thumbnail__featured\" alt=\"\"><\/a><div class=\"member__socials\"><a href=\"https:\/\/www.linkedin.com\/company\/grinellstudio\" class=\"social__icon fab fa-linkedin-in\"><\/a><\/div><\/div><div class=\"member__info\"><span class=\"member__info-image\"><\/span><h2 class=\"member__name\"><a href=\"https:\/\/grinellstudio.com\/sr\/team\/marko-racic\/\">Marko Raci\u0107<\/a><\/h2><div class=\"info__wrapper\"><div class=\"info__highlighted\">3D modelar<\/div><\/div><\/div><\/div><\/article><\/div><\/section>\t\t<\/div>\n\t\t\t\t<\/div>\n\t\t\t\t<div class=\"elementor-element elementor-element-e273f14 elementor-widget elementor-widget-spacer\" data-id=\"e273f14\" data-element_type=\"widget\" data-widget_type=\"spacer.default\">\n\t\t\t\t<div class=\"elementor-widget-container\">\n\t\t\t\t\t<div class=\"elementor-spacer\">\n\t\t\t<div class=\"elementor-spacer-inner\"><\/div>\n\t\t<\/div>\n\t\t\t\t<\/div>\n\t\t\t\t<\/div>\n\t\t\t\t\t<\/div>\n\t\t<\/div>\n\t\t\t\t\t\t\t<\/div>\n\t\t<\/section>\n\t\t\t\t\t\t\t<\/div>\n\t\t","protected":false},"excerpt":{"rendered":"<p>Tim Na\u0161 tim posve\u0107enih profesionalaca KONTAKTIRAJTE NAS Iza svakog na\u0161eg projekta stoje ljudi koji vole ono \u0161to rade. Neki su odrasli me\u0111u bojama i papirima, neki su se zaljubili u svetlo monitora, a svi dele istu radoznalost &#8211; kako zamisao pretvoriti u ne\u0161to korisno, lepo i smisleno. Na\u0161 tim \u010dine dizajneri, fotografi, snimatelji, programeri i [&hellip;]<\/p>\n","protected":false},"author":1,"featured_media":5783,"parent":0,"menu_order":5,"comment_status":"closed","ping_status":"closed","template":"","meta":{"inline_featured_image":false,"loftloader_page_shortcode":"","footnotes":""},"class_list":["post-5834","page","type-page","status-publish","has-post-thumbnail","hentry"],"yoast_head":"<!-- This site is optimized with the Yoast SEO plugin v27.5 - https:\/\/yoast.com\/product\/yoast-seo-wordpress\/ -->\n<title>Na\u0161 tim - Grinell Studio<\/title>\n<meta name=\"description\" content=\"Upoznajte stru\u010dni kreativni tim u Grinell studiju. Na\u0161i talentovani profesionalci specijalizovani su za grafi\u010dki dizajn, fotografiju, UI\/UX i 3D modeliranje, posvec\u0301eni transformaciji ideja u vizuelnu izvrsnost.\" \/>\n<meta name=\"robots\" content=\"index, follow, max-snippet:-1, max-image-preview:large, max-video-preview:-1\" \/>\n<link rel=\"canonical\" href=\"https:\/\/grinellstudio.com\/sr\/nas-tim\/\" \/>\n<meta property=\"og:locale\" content=\"sr_RS\" \/>\n<meta property=\"og:type\" content=\"article\" \/>\n<meta property=\"og:title\" content=\"Na\u0161 tim - Grinell Studio\" \/>\n<meta property=\"og:description\" content=\"Upoznajte stru\u010dni kreativni tim u Grinell studiju. Na\u0161i talentovani profesionalci specijalizovani su za grafi\u010dki dizajn, fotografiju, UI\/UX i 3D modeliranje, posvec\u0301eni transformaciji ideja u vizuelnu izvrsnost.\" \/>\n<meta property=\"og:url\" content=\"https:\/\/grinellstudio.com\/sr\/nas-tim\/\" \/>\n<meta property=\"og:site_name\" content=\"Grinell Studio\" \/>\n<meta property=\"article:publisher\" content=\"https:\/\/www.facebook.com\/GrinelS\" \/>\n<meta property=\"article:modified_time\" content=\"2025-10-16T11:33:55+00:00\" \/>\n<meta property=\"og:image\" content=\"https:\/\/grinellstudio.com\/wp-content\/uploads\/2023\/12\/marketing-agency.png\" \/>\n\t<meta property=\"og:image:width\" content=\"1500\" \/>\n\t<meta property=\"og:image:height\" content=\"1000\" \/>\n\t<meta property=\"og:image:type\" content=\"image\/png\" \/>\n<meta name=\"twitter:card\" content=\"summary_large_image\" \/>\n<meta name=\"twitter:label1\" content=\"\u041f\u0440\u043e\u0446\u0435\u045a\u0435\u043d\u043e \u0432\u0440\u0435\u043c\u0435 \u0447\u0438\u0442\u0430\u045a\u0430\" \/>\n\t<meta name=\"twitter:data1\" content=\"3 \u043c\u0438\u043d\u0443\u0442\u0430\" \/>\n<script type=\"application\/ld+json\" class=\"yoast-schema-graph\">{\"@context\":\"https:\\\/\\\/schema.org\",\"@graph\":[{\"@type\":\"WebPage\",\"@id\":\"https:\\\/\\\/grinellstudio.com\\\/sr\\\/nas-tim\\\/\",\"url\":\"https:\\\/\\\/grinellstudio.com\\\/sr\\\/nas-tim\\\/\",\"name\":\"Na\u0161 tim - Grinell Studio\",\"isPartOf\":{\"@id\":\"https:\\\/\\\/grinellstudio.com\\\/sr\\\/#website\"},\"primaryImageOfPage\":{\"@id\":\"https:\\\/\\\/grinellstudio.com\\\/sr\\\/nas-tim\\\/#primaryimage\"},\"image\":{\"@id\":\"https:\\\/\\\/grinellstudio.com\\\/sr\\\/nas-tim\\\/#primaryimage\"},\"thumbnailUrl\":\"https:\\\/\\\/grinellstudio.com\\\/wp-content\\\/uploads\\\/2023\\\/12\\\/marketing-agency.png\",\"datePublished\":\"2022-03-23T17:45:46+00:00\",\"dateModified\":\"2025-10-16T11:33:55+00:00\",\"description\":\"Upoznajte stru\u010dni kreativni tim u Grinell studiju. Na\u0161i talentovani profesionalci specijalizovani su za grafi\u010dki dizajn, fotografiju, UI\\\/UX i 3D modeliranje, posvec\u0301eni transformaciji ideja u vizuelnu izvrsnost.\",\"breadcrumb\":{\"@id\":\"https:\\\/\\\/grinellstudio.com\\\/sr\\\/nas-tim\\\/#breadcrumb\"},\"inLanguage\":\"sr-RS\",\"potentialAction\":[{\"@type\":\"ReadAction\",\"target\":[\"https:\\\/\\\/grinellstudio.com\\\/sr\\\/nas-tim\\\/\"]}]},{\"@type\":\"ImageObject\",\"inLanguage\":\"sr-RS\",\"@id\":\"https:\\\/\\\/grinellstudio.com\\\/sr\\\/nas-tim\\\/#primaryimage\",\"url\":\"https:\\\/\\\/grinellstudio.com\\\/wp-content\\\/uploads\\\/2023\\\/12\\\/marketing-agency.png\",\"contentUrl\":\"https:\\\/\\\/grinellstudio.com\\\/wp-content\\\/uploads\\\/2023\\\/12\\\/marketing-agency.png\",\"width\":1500,\"height\":1000},{\"@type\":\"BreadcrumbList\",\"@id\":\"https:\\\/\\\/grinellstudio.com\\\/sr\\\/nas-tim\\\/#breadcrumb\",\"itemListElement\":[{\"@type\":\"ListItem\",\"position\":1,\"name\":\"Home\",\"item\":\"https:\\\/\\\/grinellstudio.com\\\/sr\\\/\"},{\"@type\":\"ListItem\",\"position\":2,\"name\":\"Na\u0161 tim\"}]},{\"@type\":\"WebSite\",\"@id\":\"https:\\\/\\\/grinellstudio.com\\\/sr\\\/#website\",\"url\":\"https:\\\/\\\/grinellstudio.com\\\/sr\\\/\",\"name\":\"Grinell Studio\",\"description\":\"Creative Design Agency\",\"publisher\":{\"@id\":\"https:\\\/\\\/grinellstudio.com\\\/sr\\\/#organization\"},\"potentialAction\":[{\"@type\":\"SearchAction\",\"target\":{\"@type\":\"EntryPoint\",\"urlTemplate\":\"https:\\\/\\\/grinellstudio.com\\\/sr\\\/?s={search_term_string}\"},\"query-input\":{\"@type\":\"PropertyValueSpecification\",\"valueRequired\":true,\"valueName\":\"search_term_string\"}}],\"inLanguage\":\"sr-RS\"},{\"@type\":\"Organization\",\"@id\":\"https:\\\/\\\/grinellstudio.com\\\/sr\\\/#organization\",\"name\":\"Grinell Studio\",\"url\":\"https:\\\/\\\/grinellstudio.com\\\/sr\\\/\",\"logo\":{\"@type\":\"ImageObject\",\"inLanguage\":\"sr-RS\",\"@id\":\"https:\\\/\\\/grinellstudio.com\\\/sr\\\/#\\\/schema\\\/logo\\\/image\\\/\",\"url\":\"https:\\\/\\\/grinellstudio.com\\\/wp-content\\\/uploads\\\/2023\\\/10\\\/favicon.png\",\"contentUrl\":\"https:\\\/\\\/grinellstudio.com\\\/wp-content\\\/uploads\\\/2023\\\/10\\\/favicon.png\",\"width\":514,\"height\":514,\"caption\":\"Grinell Studio\"},\"image\":{\"@id\":\"https:\\\/\\\/grinellstudio.com\\\/sr\\\/#\\\/schema\\\/logo\\\/image\\\/\"},\"sameAs\":[\"https:\\\/\\\/www.facebook.com\\\/GrinelS\",\"https:\\\/\\\/www.instagram.com\\\/grinell.studio\\\/?hl=en\",\"https:\\\/\\\/www.linkedin.com\\\/company\\\/grinellstudio\\\/\"]}]}<\/script>\n<!-- \/ Yoast SEO plugin. -->","yoast_head_json":{"title":"Na\u0161 tim - Grinell Studio","description":"Upoznajte stru\u010dni kreativni tim u Grinell studiju. Na\u0161i talentovani profesionalci specijalizovani su za grafi\u010dki dizajn, fotografiju, UI\/UX i 3D modeliranje, posvec\u0301eni transformaciji ideja u vizuelnu izvrsnost.","robots":{"index":"index","follow":"follow","max-snippet":"max-snippet:-1","max-image-preview":"max-image-preview:large","max-video-preview":"max-video-preview:-1"},"canonical":"https:\/\/grinellstudio.com\/sr\/nas-tim\/","og_locale":"sr_RS","og_type":"article","og_title":"Na\u0161 tim - Grinell Studio","og_description":"Upoznajte stru\u010dni kreativni tim u Grinell studiju. Na\u0161i talentovani profesionalci specijalizovani su za grafi\u010dki dizajn, fotografiju, UI\/UX i 3D modeliranje, posvec\u0301eni transformaciji ideja u vizuelnu izvrsnost.","og_url":"https:\/\/grinellstudio.com\/sr\/nas-tim\/","og_site_name":"Grinell Studio","article_publisher":"https:\/\/www.facebook.com\/GrinelS","article_modified_time":"2025-10-16T11:33:55+00:00","og_image":[{"width":1500,"height":1000,"url":"https:\/\/grinellstudio.com\/wp-content\/uploads\/2023\/12\/marketing-agency.png","type":"image\/png"}],"twitter_card":"summary_large_image","twitter_misc":{"\u041f\u0440\u043e\u0446\u0435\u045a\u0435\u043d\u043e \u0432\u0440\u0435\u043c\u0435 \u0447\u0438\u0442\u0430\u045a\u0430":"3 \u043c\u0438\u043d\u0443\u0442\u0430"},"schema":{"@context":"https:\/\/schema.org","@graph":[{"@type":"WebPage","@id":"https:\/\/grinellstudio.com\/sr\/nas-tim\/","url":"https:\/\/grinellstudio.com\/sr\/nas-tim\/","name":"Na\u0161 tim - Grinell Studio","isPartOf":{"@id":"https:\/\/grinellstudio.com\/sr\/#website"},"primaryImageOfPage":{"@id":"https:\/\/grinellstudio.com\/sr\/nas-tim\/#primaryimage"},"image":{"@id":"https:\/\/grinellstudio.com\/sr\/nas-tim\/#primaryimage"},"thumbnailUrl":"https:\/\/grinellstudio.com\/wp-content\/uploads\/2023\/12\/marketing-agency.png","datePublished":"2022-03-23T17:45:46+00:00","dateModified":"2025-10-16T11:33:55+00:00","description":"Upoznajte stru\u010dni kreativni tim u Grinell studiju. Na\u0161i talentovani profesionalci specijalizovani su za grafi\u010dki dizajn, fotografiju, UI\/UX i 3D modeliranje, posvec\u0301eni transformaciji ideja u vizuelnu izvrsnost.","breadcrumb":{"@id":"https:\/\/grinellstudio.com\/sr\/nas-tim\/#breadcrumb"},"inLanguage":"sr-RS","potentialAction":[{"@type":"ReadAction","target":["https:\/\/grinellstudio.com\/sr\/nas-tim\/"]}]},{"@type":"ImageObject","inLanguage":"sr-RS","@id":"https:\/\/grinellstudio.com\/sr\/nas-tim\/#primaryimage","url":"https:\/\/grinellstudio.com\/wp-content\/uploads\/2023\/12\/marketing-agency.png","contentUrl":"https:\/\/grinellstudio.com\/wp-content\/uploads\/2023\/12\/marketing-agency.png","width":1500,"height":1000},{"@type":"BreadcrumbList","@id":"https:\/\/grinellstudio.com\/sr\/nas-tim\/#breadcrumb","itemListElement":[{"@type":"ListItem","position":1,"name":"Home","item":"https:\/\/grinellstudio.com\/sr\/"},{"@type":"ListItem","position":2,"name":"Na\u0161 tim"}]},{"@type":"WebSite","@id":"https:\/\/grinellstudio.com\/sr\/#website","url":"https:\/\/grinellstudio.com\/sr\/","name":"Grinell Studio","description":"Creative Design Agency","publisher":{"@id":"https:\/\/grinellstudio.com\/sr\/#organization"},"potentialAction":[{"@type":"SearchAction","target":{"@type":"EntryPoint","urlTemplate":"https:\/\/grinellstudio.com\/sr\/?s={search_term_string}"},"query-input":{"@type":"PropertyValueSpecification","valueRequired":true,"valueName":"search_term_string"}}],"inLanguage":"sr-RS"},{"@type":"Organization","@id":"https:\/\/grinellstudio.com\/sr\/#organization","name":"Grinell Studio","url":"https:\/\/grinellstudio.com\/sr\/","logo":{"@type":"ImageObject","inLanguage":"sr-RS","@id":"https:\/\/grinellstudio.com\/sr\/#\/schema\/logo\/image\/","url":"https:\/\/grinellstudio.com\/wp-content\/uploads\/2023\/10\/favicon.png","contentUrl":"https:\/\/grinellstudio.com\/wp-content\/uploads\/2023\/10\/favicon.png","width":514,"height":514,"caption":"Grinell Studio"},"image":{"@id":"https:\/\/grinellstudio.com\/sr\/#\/schema\/logo\/image\/"},"sameAs":["https:\/\/www.facebook.com\/GrinelS","https:\/\/www.instagram.com\/grinell.studio\/?hl=en","https:\/\/www.linkedin.com\/company\/grinellstudio\/"]}]}},"_links":{"self":[{"href":"https:\/\/grinellstudio.com\/sr\/wp-json\/wp\/v2\/pages\/5834","targetHints":{"allow":["GET"]}}],"collection":[{"href":"https:\/\/grinellstudio.com\/sr\/wp-json\/wp\/v2\/pages"}],"about":[{"href":"https:\/\/grinellstudio.com\/sr\/wp-json\/wp\/v2\/types\/page"}],"author":[{"embeddable":true,"href":"https:\/\/grinellstudio.com\/sr\/wp-json\/wp\/v2\/users\/1"}],"replies":[{"embeddable":true,"href":"https:\/\/grinellstudio.com\/sr\/wp-json\/wp\/v2\/comments?post=5834"}],"version-history":[{"count":10,"href":"https:\/\/grinellstudio.com\/sr\/wp-json\/wp\/v2\/pages\/5834\/revisions"}],"predecessor-version":[{"id":6162,"href":"https:\/\/grinellstudio.com\/sr\/wp-json\/wp\/v2\/pages\/5834\/revisions\/6162"}],"wp:featuredmedia":[{"embeddable":true,"href":"https:\/\/grinellstudio.com\/sr\/wp-json\/wp\/v2\/media\/5783"}],"wp:attachment":[{"href":"https:\/\/grinellstudio.com\/sr\/wp-json\/wp\/v2\/media?parent=5834"}],"curies":[{"name":"wp","href":"https:\/\/api.w.org\/{rel}","templated":true}]}}