{"id":5838,"date":"2022-11-08T17:46:47","date_gmt":"2022-11-08T17:46:47","guid":{"rendered":"https:\/\/grinellstudio.com\/pravila-o-privatnosti\/"},"modified":"2023-12-16T17:51:50","modified_gmt":"2023-12-16T17:51:50","slug":"pravila-o-privatnosti","status":"publish","type":"page","link":"https:\/\/grinellstudio.com\/sr\/pravila-o-privatnosti\/","title":{"rendered":"Pravila o privatnosti"},"content":{"rendered":"\n<p>Datum stupanja na snagu: 13.12.2023<\/p>\n\n<p>Hvala vam \u0161to ste odabrali Grinell Studio! Ova Politika privatnosti opisuje na\u010din na koji prikupljamo, koristimo i \u0161titimo informacije koje dajete kada posetite na\u0161u veb lokaciju ili koristite na\u0161e usluge. Pristupanjem ili kori\u0161c\u0301enjem na\u0161e veb stranice, sla\u017eete se sa uslovima navedenim u ovoj Politici privatnosti.<\/p>\n\n<p class=\"has-large-font-size\"><strong>Informacije koje prikupljamo:<\/strong><\/p>\n\n<ul class=\"wp-block-list\">\n<li><strong>Li\u010dni podaci:<\/strong> Kada koristite na\u0161e usluge, mo\u017eemo prikupljati li\u010dne podatke kao \u0161to su va\u0161e ime, adresa e-po\u0161te i kontakt detalji. Ove informacije se prikupljaju kada ih vi dobrovoljno date.<\/li>\n\n\n\n<li><strong>Podaci o kori\u0161c\u0301enju:<\/strong> Mo\u017eemo da prikupljamo informacije o tome kako komunicirate sa na\u0161om veb lokacijom, uklju\u010dujuc\u0301i va\u0161u IP adresu, tip pretra\u017eiva\u010da i posec\u0301ene stranice. Ovi podaci nam poma\u017eu da pobolj\u0161amo na\u0161u veb stranicu i usluge.<\/li>\n<\/ul>\n\n<p class=\"has-large-font-size\"><strong>Kako koristimo va\u0161e informacije:<\/strong><\/p>\n\n<p>\u041a\u043e\u0440\u0438\u0441\u0442\u0438\u043c\u043e \u0438\u043d\u0444\u043e\u0440\u043c\u0430\u0446\u0438\u0458\u0435 \u043a\u043e\u0458\u0435 \u043f\u0440\u0438\u043a\u0443\u043f\u0459\u0430\u043c\u043e \u0443 \u0441\u043b\u0435\u0434\u0435\u045b\u0435 \u0441\u0432\u0440\u0445\u0435:<\/p>\n\n<ul class=\"wp-block-list\">\n<li>\u0414\u0430 \u043f\u0440\u0443\u0436\u0430\u043c\u043e \u0438 \u043e\u0434\u0440\u0436\u0430\u0432\u0430\u043c\u043e \u043d\u0430\u0448\u0435 \u0443\u0441\u043b\u0443\u0433\u0435.<\/li>\n\n\n\n<li>\u0414\u0430 \u043f\u0435\u0440\u0441\u043e\u043d\u0430\u043b\u0438\u0437\u0443\u0458\u0435\u0442\u0435 \u0441\u0432\u043e\u0458\u0435 \u0438\u0441\u043a\u0443\u0441\u0442\u0432\u043e \u0438 \u0438\u0441\u043f\u043e\u0440\u0443\u0447\u0438\u0442\u0435 \u0441\u0430\u0434\u0440\u0436\u0430\u0458 \u043f\u0440\u0438\u043b\u0430\u0433\u043e\u0452\u0435\u043d \u0432\u0430\u0448\u0438\u043c \u0438\u043d\u0442\u0435\u0440\u0435\u0441\u043e\u0432\u0430\u045a\u0438\u043c\u0430.<\/li>\n\n\n\n<li>Da komuniciramo sa vama u vezi sa na\u0161im uslugama, a\u017euriranjima i promotivnim ponudama.<\/li>\n\n\n\n<li>Da analiziramo upotrebu veb stranice i pobolj\u0161amo na\u0161 sadr\u017eaj i usluge.<\/li>\n<\/ul>\n\n<p class=\"has-large-font-size\"><strong>Deljenje informacija:<\/strong><\/p>\n\n<p>Grinnell Studio ne prodaje, ne trguje ili iznajmljuje va\u0161e li\u010dne podatke trec\u0301im licima. Va\u0161e podatke mo\u017eemo da delimo sa provajderima usluga od poverenja koji nam poma\u017eu u funkcionisanju na\u0161e veb stranice ili poslovanju, u skladu sa ugovorima o poverljivosti.<\/p>\n\n<p class=\"has-large-font-size\"><strong>Bezbednost:<\/strong><\/p>\n\n<p>Dajemo prioritet bezbednosti va\u0161ih li\u010dnih podataka i koristimo standardne mere za za\u0161titu od neovla\u0161c\u0301enog pristupa, otkrivanja ili izmene va\u0161ih podataka.<\/p>\n\n<p class=\"has-large-font-size\"><strong>Kola\u010dic\u0301i:<\/strong><\/p>\n\n<p>Na\u0161a veb lokacija mo\u017ee koristiti kola\u010dic\u0301e da pobolj\u0161a va\u0161e korisni\u010dko iskustvo. Mo\u017eete podesiti svoj pretra\u017eiva\u010d da odbija kola\u010dic\u0301e, ali neke funkcije sajta mo\u017eda nec\u0301e funkcionisati ispravno.<\/p>\n\n<p class=\"has-large-font-size\"><strong>Veze ka veb lokacijama trec\u0301ih strana:<\/strong><\/p>\n\n<p>Na\u0161a veb lokacija mo\u017ee da sadr\u017ei veze ka veb lokacijama trec\u0301ih strana. Nismo odgovorni za praksu privatnosti ili sadr\u017eaj ovih sajtova. Pregledajte politiku privatnosti veb lokacija trec\u0301ih strana pre nego \u0161to date bilo kakve li\u010dne podatke.<\/p>\n\n<p class=\"has-large-font-size\"><strong>Promene ove politike privatnosti:<\/strong><\/p>\n\n<p>Zadr\u017eavamo pravo da a\u017euriramo ovu Politiku privatnosti u bilo kom trenutku. Promene c\u0301e stupiti na snagu odmah po objavljivanju. Povremeno proveravajte ovu stranicu za a\u017euriranja.<\/p>\n\n<p class=\"has-large-font-size\"><strong>Kontaktirajte nas:<\/strong><\/p>\n\n<p>Ako imate bilo kakvih pitanja ili nedoumica u vezi sa ovom politikom privatnosti, kontaktirajte nas na office@grinellstudio.com<\/p>\n\n<p>Hvala vam \u0161to ste izabrali Grinell Studio!<\/p>\n\n<p>Grinnell Design Studio<\/p>\n","protected":false},"excerpt":{"rendered":"<p>Datum stupanja na snagu: 13.12.2023 Hvala vam \u0161to ste odabrali Grinell Studio! Ova Politika privatnosti opisuje na\u010din na koji prikupljamo, koristimo i \u0161titimo informacije koje dajete kada posetite na\u0161u veb lokaciju ili koristite na\u0161e usluge. Pristupanjem ili kori\u0161c\u0301enjem na\u0161e veb stranice, sla\u017eete se sa uslovima navedenim u ovoj Politici privatnosti. Informacije koje prikupljamo: Kako koristimo [&hellip;]<\/p>\n","protected":false},"author":1,"featured_media":0,"parent":0,"menu_order":6,"comment_status":"closed","ping_status":"closed","template":"","meta":{"inline_featured_image":false,"loftloader_page_shortcode":"","footnotes":""},"class_list":["post-5838","page","type-page","status-publish","hentry"],"yoast_head":"<!-- This site is optimized with the Yoast SEO plugin v27.5 - https:\/\/yoast.com\/product\/yoast-seo-wordpress\/ -->\n<title>Pravila o privatnosti - Grinell Studio<\/title>\n<meta name=\"description\" content=\"Pregledajte Politiku privatnosti Grinell Studio-a da biste razumeli kako prikupljamo, koristimo i \u0161titimo va\u0161e podatke. Posvec\u0301eni transparentnosti i bezbednosti podataka, na\u0161a politika isti\u010de va\u0161a prava i na\u0161e prakse.\" \/>\n<meta name=\"robots\" content=\"index, follow, max-snippet:-1, max-image-preview:large, max-video-preview:-1\" \/>\n<link rel=\"canonical\" href=\"https:\/\/grinellstudio.com\/sr\/pravila-o-privatnosti\/\" \/>\n<meta property=\"og:locale\" content=\"sr_RS\" \/>\n<meta property=\"og:type\" content=\"article\" \/>\n<meta property=\"og:title\" content=\"Pravila o privatnosti - Grinell Studio\" \/>\n<meta property=\"og:description\" content=\"Pregledajte Politiku privatnosti Grinell Studio-a da biste razumeli kako prikupljamo, koristimo i \u0161titimo va\u0161e podatke. Posvec\u0301eni transparentnosti i bezbednosti podataka, na\u0161a politika isti\u010de va\u0161a prava i na\u0161e prakse.\" \/>\n<meta property=\"og:url\" content=\"https:\/\/grinellstudio.com\/sr\/pravila-o-privatnosti\/\" \/>\n<meta property=\"og:site_name\" content=\"Grinell Studio\" \/>\n<meta property=\"article:publisher\" content=\"https:\/\/www.facebook.com\/GrinelS\" \/>\n<meta property=\"article:modified_time\" content=\"2023-12-16T17:51:50+00:00\" \/>\n<meta property=\"og:image\" content=\"https:\/\/grinellstudio.com\/wp-content\/uploads\/2022\/03\/brand-management-branding-rebranding-concept.png\" \/>\n\t<meta property=\"og:image:width\" content=\"1500\" \/>\n\t<meta property=\"og:image:height\" content=\"1000\" \/>\n\t<meta property=\"og:image:type\" content=\"image\/png\" \/>\n<meta name=\"twitter:card\" content=\"summary_large_image\" \/>\n<meta name=\"twitter:label1\" content=\"\u041f\u0440\u043e\u0446\u0435\u045a\u0435\u043d\u043e \u0432\u0440\u0435\u043c\u0435 \u0447\u0438\u0442\u0430\u045a\u0430\" \/>\n\t<meta name=\"twitter:data1\" content=\"2 \u043c\u0438\u043d\u0443\u0442\u0430\" \/>\n<script type=\"application\/ld+json\" class=\"yoast-schema-graph\">{\"@context\":\"https:\\\/\\\/schema.org\",\"@graph\":[{\"@type\":\"WebPage\",\"@id\":\"https:\\\/\\\/grinellstudio.com\\\/sr\\\/pravila-o-privatnosti\\\/\",\"url\":\"https:\\\/\\\/grinellstudio.com\\\/sr\\\/pravila-o-privatnosti\\\/\",\"name\":\"Pravila o privatnosti - Grinell Studio\",\"isPartOf\":{\"@id\":\"https:\\\/\\\/grinellstudio.com\\\/sr\\\/#website\"},\"datePublished\":\"2022-11-08T17:46:47+00:00\",\"dateModified\":\"2023-12-16T17:51:50+00:00\",\"description\":\"Pregledajte Politiku privatnosti Grinell Studio-a da biste razumeli kako prikupljamo, koristimo i \u0161titimo va\u0161e podatke. Posvec\u0301eni transparentnosti i bezbednosti podataka, na\u0161a politika isti\u010de va\u0161a prava i na\u0161e prakse.\",\"breadcrumb\":{\"@id\":\"https:\\\/\\\/grinellstudio.com\\\/sr\\\/pravila-o-privatnosti\\\/#breadcrumb\"},\"inLanguage\":\"sr-RS\",\"potentialAction\":[{\"@type\":\"ReadAction\",\"target\":[\"https:\\\/\\\/grinellstudio.com\\\/sr\\\/pravila-o-privatnosti\\\/\"]}]},{\"@type\":\"BreadcrumbList\",\"@id\":\"https:\\\/\\\/grinellstudio.com\\\/sr\\\/pravila-o-privatnosti\\\/#breadcrumb\",\"itemListElement\":[{\"@type\":\"ListItem\",\"position\":1,\"name\":\"Home\",\"item\":\"https:\\\/\\\/grinellstudio.com\\\/sr\\\/\"},{\"@type\":\"ListItem\",\"position\":2,\"name\":\"Pravila o privatnosti\"}]},{\"@type\":\"WebSite\",\"@id\":\"https:\\\/\\\/grinellstudio.com\\\/sr\\\/#website\",\"url\":\"https:\\\/\\\/grinellstudio.com\\\/sr\\\/\",\"name\":\"Grinell Studio\",\"description\":\"Creative Design Agency\",\"publisher\":{\"@id\":\"https:\\\/\\\/grinellstudio.com\\\/sr\\\/#organization\"},\"potentialAction\":[{\"@type\":\"SearchAction\",\"target\":{\"@type\":\"EntryPoint\",\"urlTemplate\":\"https:\\\/\\\/grinellstudio.com\\\/sr\\\/?s={search_term_string}\"},\"query-input\":{\"@type\":\"PropertyValueSpecification\",\"valueRequired\":true,\"valueName\":\"search_term_string\"}}],\"inLanguage\":\"sr-RS\"},{\"@type\":\"Organization\",\"@id\":\"https:\\\/\\\/grinellstudio.com\\\/sr\\\/#organization\",\"name\":\"Grinell Studio\",\"url\":\"https:\\\/\\\/grinellstudio.com\\\/sr\\\/\",\"logo\":{\"@type\":\"ImageObject\",\"inLanguage\":\"sr-RS\",\"@id\":\"https:\\\/\\\/grinellstudio.com\\\/sr\\\/#\\\/schema\\\/logo\\\/image\\\/\",\"url\":\"https:\\\/\\\/grinellstudio.com\\\/wp-content\\\/uploads\\\/2023\\\/10\\\/favicon.png\",\"contentUrl\":\"https:\\\/\\\/grinellstudio.com\\\/wp-content\\\/uploads\\\/2023\\\/10\\\/favicon.png\",\"width\":514,\"height\":514,\"caption\":\"Grinell Studio\"},\"image\":{\"@id\":\"https:\\\/\\\/grinellstudio.com\\\/sr\\\/#\\\/schema\\\/logo\\\/image\\\/\"},\"sameAs\":[\"https:\\\/\\\/www.facebook.com\\\/GrinelS\",\"https:\\\/\\\/www.instagram.com\\\/grinell.studio\\\/?hl=en\",\"https:\\\/\\\/www.linkedin.com\\\/company\\\/grinellstudio\\\/\"]}]}<\/script>\n<!-- \/ Yoast SEO plugin. -->","yoast_head_json":{"title":"Pravila o privatnosti - Grinell Studio","description":"Pregledajte Politiku privatnosti Grinell Studio-a da biste razumeli kako prikupljamo, koristimo i \u0161titimo va\u0161e podatke. Posvec\u0301eni transparentnosti i bezbednosti podataka, na\u0161a politika isti\u010de va\u0161a prava i na\u0161e prakse.","robots":{"index":"index","follow":"follow","max-snippet":"max-snippet:-1","max-image-preview":"max-image-preview:large","max-video-preview":"max-video-preview:-1"},"canonical":"https:\/\/grinellstudio.com\/sr\/pravila-o-privatnosti\/","og_locale":"sr_RS","og_type":"article","og_title":"Pravila o privatnosti - Grinell Studio","og_description":"Pregledajte Politiku privatnosti Grinell Studio-a da biste razumeli kako prikupljamo, koristimo i \u0161titimo va\u0161e podatke. Posvec\u0301eni transparentnosti i bezbednosti podataka, na\u0161a politika isti\u010de va\u0161a prava i na\u0161e prakse.","og_url":"https:\/\/grinellstudio.com\/sr\/pravila-o-privatnosti\/","og_site_name":"Grinell Studio","article_publisher":"https:\/\/www.facebook.com\/GrinelS","article_modified_time":"2023-12-16T17:51:50+00:00","og_image":[{"width":1500,"height":1000,"url":"https:\/\/grinellstudio.com\/wp-content\/uploads\/2022\/03\/brand-management-branding-rebranding-concept.png","type":"image\/png"}],"twitter_card":"summary_large_image","twitter_misc":{"\u041f\u0440\u043e\u0446\u0435\u045a\u0435\u043d\u043e \u0432\u0440\u0435\u043c\u0435 \u0447\u0438\u0442\u0430\u045a\u0430":"2 \u043c\u0438\u043d\u0443\u0442\u0430"},"schema":{"@context":"https:\/\/schema.org","@graph":[{"@type":"WebPage","@id":"https:\/\/grinellstudio.com\/sr\/pravila-o-privatnosti\/","url":"https:\/\/grinellstudio.com\/sr\/pravila-o-privatnosti\/","name":"Pravila o privatnosti - Grinell Studio","isPartOf":{"@id":"https:\/\/grinellstudio.com\/sr\/#website"},"datePublished":"2022-11-08T17:46:47+00:00","dateModified":"2023-12-16T17:51:50+00:00","description":"Pregledajte Politiku privatnosti Grinell Studio-a da biste razumeli kako prikupljamo, koristimo i \u0161titimo va\u0161e podatke. Posvec\u0301eni transparentnosti i bezbednosti podataka, na\u0161a politika isti\u010de va\u0161a prava i na\u0161e prakse.","breadcrumb":{"@id":"https:\/\/grinellstudio.com\/sr\/pravila-o-privatnosti\/#breadcrumb"},"inLanguage":"sr-RS","potentialAction":[{"@type":"ReadAction","target":["https:\/\/grinellstudio.com\/sr\/pravila-o-privatnosti\/"]}]},{"@type":"BreadcrumbList","@id":"https:\/\/grinellstudio.com\/sr\/pravila-o-privatnosti\/#breadcrumb","itemListElement":[{"@type":"ListItem","position":1,"name":"Home","item":"https:\/\/grinellstudio.com\/sr\/"},{"@type":"ListItem","position":2,"name":"Pravila o privatnosti"}]},{"@type":"WebSite","@id":"https:\/\/grinellstudio.com\/sr\/#website","url":"https:\/\/grinellstudio.com\/sr\/","name":"Grinell Studio","description":"Creative Design Agency","publisher":{"@id":"https:\/\/grinellstudio.com\/sr\/#organization"},"potentialAction":[{"@type":"SearchAction","target":{"@type":"EntryPoint","urlTemplate":"https:\/\/grinellstudio.com\/sr\/?s={search_term_string}"},"query-input":{"@type":"PropertyValueSpecification","valueRequired":true,"valueName":"search_term_string"}}],"inLanguage":"sr-RS"},{"@type":"Organization","@id":"https:\/\/grinellstudio.com\/sr\/#organization","name":"Grinell Studio","url":"https:\/\/grinellstudio.com\/sr\/","logo":{"@type":"ImageObject","inLanguage":"sr-RS","@id":"https:\/\/grinellstudio.com\/sr\/#\/schema\/logo\/image\/","url":"https:\/\/grinellstudio.com\/wp-content\/uploads\/2023\/10\/favicon.png","contentUrl":"https:\/\/grinellstudio.com\/wp-content\/uploads\/2023\/10\/favicon.png","width":514,"height":514,"caption":"Grinell Studio"},"image":{"@id":"https:\/\/grinellstudio.com\/sr\/#\/schema\/logo\/image\/"},"sameAs":["https:\/\/www.facebook.com\/GrinelS","https:\/\/www.instagram.com\/grinell.studio\/?hl=en","https:\/\/www.linkedin.com\/company\/grinellstudio\/"]}]}},"_links":{"self":[{"href":"https:\/\/grinellstudio.com\/sr\/wp-json\/wp\/v2\/pages\/5838","targetHints":{"allow":["GET"]}}],"collection":[{"href":"https:\/\/grinellstudio.com\/sr\/wp-json\/wp\/v2\/pages"}],"about":[{"href":"https:\/\/grinellstudio.com\/sr\/wp-json\/wp\/v2\/types\/page"}],"author":[{"embeddable":true,"href":"https:\/\/grinellstudio.com\/sr\/wp-json\/wp\/v2\/users\/1"}],"replies":[{"embeddable":true,"href":"https:\/\/grinellstudio.com\/sr\/wp-json\/wp\/v2\/comments?post=5838"}],"version-history":[{"count":1,"href":"https:\/\/grinellstudio.com\/sr\/wp-json\/wp\/v2\/pages\/5838\/revisions"}],"predecessor-version":[{"id":5839,"href":"https:\/\/grinellstudio.com\/sr\/wp-json\/wp\/v2\/pages\/5838\/revisions\/5839"}],"wp:attachment":[{"href":"https:\/\/grinellstudio.com\/sr\/wp-json\/wp\/v2\/media?parent=5838"}],"curies":[{"name":"wp","href":"https:\/\/api.w.org\/{rel}","templated":true}]}}