{"id":5873,"date":"2022-03-22T21:29:25","date_gmt":"2022-03-22T21:29:25","guid":{"rendered":"https:\/\/grinellstudio.com\/blog\/"},"modified":"2025-10-16T10:56:54","modified_gmt":"2025-10-16T10:56:54","slug":"blog","status":"publish","type":"page","link":"https:\/\/grinellstudio.com\/sr\/blog\/","title":{"rendered":"Blog"},"content":{"rendered":"\t\t<div data-elementor-type=\"wp-page\" data-elementor-id=\"5873\" class=\"elementor elementor-5873 elementor-1475\">\n\t\t\t\t\t\t\t\t\t<section class=\"elementor-section elementor-top-section elementor-element elementor-element-e589e6a elementor-section-boxed elementor-section-height-default elementor-section-height-default\" data-id=\"e589e6a\" data-element_type=\"section\">\n\t\t\t\t\t\t<div class=\"elementor-container elementor-column-gap-default\">\n\t\t\t\t\t<div class=\"elementor-column elementor-col-100 elementor-top-column elementor-element elementor-element-c1a59bb\" data-id=\"c1a59bb\" data-element_type=\"column\">\n\t\t\t<div class=\"elementor-widget-wrap elementor-element-populated\">\n\t\t\t\t\t\t\t\t<div class=\"elementor-element elementor-element-859d7ec elementor-widget elementor-widget-wgl-blog\" data-id=\"859d7ec\" data-element_type=\"widget\" data-settings=\"{&quot;blog_columns&quot;:&quot;4&quot;}\" data-widget_type=\"wgl-blog.default\">\n\t\t\t\t<div class=\"elementor-widget-container\">\n\t\t\t<section class=\"wgl_cpt_section\"><div class=\"blog-posts\"><div class=\"container-grid row blog_columns-3 grid blog-style-standard\">    <div class=\"item wgl_col-4\">\r\n    <div class=\"blog-post format-standard-image\">\r\n    <div class=\"blog-post_wrapper\"><div class=\"blog-post_media\"><div class=\"blog-post_media_part\"><a href=\"https:\/\/grinellstudio.com\/sr\/radionica-za-mlade\/\" class=\"media-link image-overlay\"><img decoding=\"async\" src=\"https:\/\/grinellstudio.com\/wp-content\/uploads\/2025\/10\/team-740x700.jpg\" alt=\"\"><\/a><\/div><\/div>    <div class=\"blog-post_content\"><div class=\"post_meta-wrap\"><div class=\"meta-data\"><span class=\"post_date\">20. \u043e\u043a\u0442\u043e\u0431\u0430\u0440 2025.<\/span><span class=\"post_categories\"><span><a  href=\"https:\/\/grinellstudio.com\/sr\/category\/dizajn-sr\/\" >DIZAJN<\/a><\/span><\/span><\/div><\/div><h3 class=\"blog-post_title\"><a href=\"https:\/\/grinellstudio.com\/sr\/radionica-za-mlade\/\">Radionica za mlade o grafi\u010dkom dizajnu i \u0161tampi u organizaciji Grinell studija<\/a><\/h3><div class=\"clear\"><\/div><div class=\"blog-post_footer\">            <div class=\"read-more-wrap\">\r\n                <a href=\"https:\/\/grinellstudio.com\/sr\/radionica-za-mlade\/\" class=\"button-read-more\">\r\n                    <i class=\"flaticon flaticon-plus read-more-icon\"><\/i><span>POGLEDAJ VI\u0160E<\/span>                <\/a>\r\n            <\/div>    <\/div>\r\n    <\/div>\r\n    <\/div>\r\n    <\/div>\r\n    <\/div><\/div><\/div><\/section>\t\t<\/div>\n\t\t\t\t<\/div>\n\t\t\t\t<div class=\"elementor-element elementor-element-97a1c05 elementor-widget elementor-widget-spacer\" data-id=\"97a1c05\" data-element_type=\"widget\" data-widget_type=\"spacer.default\">\n\t\t\t\t<div class=\"elementor-widget-container\">\n\t\t\t\t\t<div class=\"elementor-spacer\">\n\t\t\t<div class=\"elementor-spacer-inner\"><\/div>\n\t\t<\/div>\n\t\t\t\t<\/div>\n\t\t\t\t<\/div>\n\t\t\t\t\t<\/div>\n\t\t<\/div>\n\t\t\t\t\t\t\t<\/div>\n\t\t<\/section>\n\t\t\t\t\t\t\t<\/div>\n\t\t","protected":false},"excerpt":{"rendered":"","protected":false},"author":1,"featured_media":5781,"parent":0,"menu_order":14,"comment_status":"closed","ping_status":"closed","template":"","meta":{"inline_featured_image":false,"loftloader_page_shortcode":"","footnotes":""},"class_list":["post-5873","page","type-page","status-publish","has-post-thumbnail","hentry"],"yoast_head":"<!-- This site is optimized with the Yoast SEO plugin v27.5 - https:\/\/yoast.com\/product\/yoast-seo-wordpress\/ -->\n<title>Blog - Grinell Studio<\/title>\n<meta name=\"description\" content=\"Istra\u017eite blog Grinell Studija za najnovije kreativne i stru\u010dne savete o poslovanju, grafi\u010dkom dizajnu, 3D modelovanju, video produkciji i jo\u0161 mnogo toga. Istra\u017eite na\u0161e informativne \u010dlanke da pobolj\u0161ate va\u0161e razumevanje modernih trendova i praksi dizajna.\" \/>\n<meta name=\"robots\" content=\"index, follow, max-snippet:-1, max-image-preview:large, max-video-preview:-1\" \/>\n<link rel=\"canonical\" href=\"https:\/\/grinellstudio.com\/sr\/blog\/\" \/>\n<meta property=\"og:locale\" content=\"sr_RS\" \/>\n<meta property=\"og:type\" content=\"article\" \/>\n<meta property=\"og:title\" content=\"Blog - Grinell Studio\" \/>\n<meta property=\"og:description\" content=\"Istra\u017eite blog Grinell Studija za najnovije kreativne i stru\u010dne savete o poslovanju, grafi\u010dkom dizajnu, 3D modelovanju, video produkciji i jo\u0161 mnogo toga. Istra\u017eite na\u0161e informativne \u010dlanke da pobolj\u0161ate va\u0161e razumevanje modernih trendova i praksi dizajna.\" \/>\n<meta property=\"og:url\" content=\"https:\/\/grinellstudio.com\/sr\/blog\/\" \/>\n<meta property=\"og:site_name\" content=\"Grinell Studio\" \/>\n<meta property=\"article:publisher\" content=\"https:\/\/www.facebook.com\/GrinelS\" \/>\n<meta property=\"article:modified_time\" content=\"2025-10-16T10:56:54+00:00\" \/>\n<meta property=\"og:image\" content=\"https:\/\/grinellstudio.com\/wp-content\/uploads\/2023\/12\/visual.png\" \/>\n\t<meta property=\"og:image:width\" content=\"1500\" \/>\n\t<meta property=\"og:image:height\" content=\"1000\" \/>\n\t<meta property=\"og:image:type\" content=\"image\/png\" \/>\n<meta name=\"twitter:card\" content=\"summary_large_image\" \/>\n<script type=\"application\/ld+json\" class=\"yoast-schema-graph\">{\"@context\":\"https:\\\/\\\/schema.org\",\"@graph\":[{\"@type\":\"WebPage\",\"@id\":\"https:\\\/\\\/grinellstudio.com\\\/sr\\\/blog\\\/\",\"url\":\"https:\\\/\\\/grinellstudio.com\\\/sr\\\/blog\\\/\",\"name\":\"Blog - Grinell Studio\",\"isPartOf\":{\"@id\":\"https:\\\/\\\/grinellstudio.com\\\/sr\\\/#website\"},\"primaryImageOfPage\":{\"@id\":\"https:\\\/\\\/grinellstudio.com\\\/sr\\\/blog\\\/#primaryimage\"},\"image\":{\"@id\":\"https:\\\/\\\/grinellstudio.com\\\/sr\\\/blog\\\/#primaryimage\"},\"thumbnailUrl\":\"https:\\\/\\\/grinellstudio.com\\\/wp-content\\\/uploads\\\/2023\\\/12\\\/visual.png\",\"datePublished\":\"2022-03-22T21:29:25+00:00\",\"dateModified\":\"2025-10-16T10:56:54+00:00\",\"description\":\"Istra\u017eite blog Grinell Studija za najnovije kreativne i stru\u010dne savete o poslovanju, grafi\u010dkom dizajnu, 3D modelovanju, video produkciji i jo\u0161 mnogo toga. Istra\u017eite na\u0161e informativne \u010dlanke da pobolj\u0161ate va\u0161e razumevanje modernih trendova i praksi dizajna.\",\"breadcrumb\":{\"@id\":\"https:\\\/\\\/grinellstudio.com\\\/sr\\\/blog\\\/#breadcrumb\"},\"inLanguage\":\"sr-RS\",\"potentialAction\":[{\"@type\":\"ReadAction\",\"target\":[\"https:\\\/\\\/grinellstudio.com\\\/sr\\\/blog\\\/\"]}]},{\"@type\":\"ImageObject\",\"inLanguage\":\"sr-RS\",\"@id\":\"https:\\\/\\\/grinellstudio.com\\\/sr\\\/blog\\\/#primaryimage\",\"url\":\"https:\\\/\\\/grinellstudio.com\\\/wp-content\\\/uploads\\\/2023\\\/12\\\/visual.png\",\"contentUrl\":\"https:\\\/\\\/grinellstudio.com\\\/wp-content\\\/uploads\\\/2023\\\/12\\\/visual.png\",\"width\":1500,\"height\":1000},{\"@type\":\"BreadcrumbList\",\"@id\":\"https:\\\/\\\/grinellstudio.com\\\/sr\\\/blog\\\/#breadcrumb\",\"itemListElement\":[{\"@type\":\"ListItem\",\"position\":1,\"name\":\"Home\",\"item\":\"https:\\\/\\\/grinellstudio.com\\\/sr\\\/\"},{\"@type\":\"ListItem\",\"position\":2,\"name\":\"Blog\"}]},{\"@type\":\"WebSite\",\"@id\":\"https:\\\/\\\/grinellstudio.com\\\/sr\\\/#website\",\"url\":\"https:\\\/\\\/grinellstudio.com\\\/sr\\\/\",\"name\":\"Grinell Studio\",\"description\":\"Creative Design Agency\",\"publisher\":{\"@id\":\"https:\\\/\\\/grinellstudio.com\\\/sr\\\/#organization\"},\"potentialAction\":[{\"@type\":\"SearchAction\",\"target\":{\"@type\":\"EntryPoint\",\"urlTemplate\":\"https:\\\/\\\/grinellstudio.com\\\/sr\\\/?s={search_term_string}\"},\"query-input\":{\"@type\":\"PropertyValueSpecification\",\"valueRequired\":true,\"valueName\":\"search_term_string\"}}],\"inLanguage\":\"sr-RS\"},{\"@type\":\"Organization\",\"@id\":\"https:\\\/\\\/grinellstudio.com\\\/sr\\\/#organization\",\"name\":\"Grinell Studio\",\"url\":\"https:\\\/\\\/grinellstudio.com\\\/sr\\\/\",\"logo\":{\"@type\":\"ImageObject\",\"inLanguage\":\"sr-RS\",\"@id\":\"https:\\\/\\\/grinellstudio.com\\\/sr\\\/#\\\/schema\\\/logo\\\/image\\\/\",\"url\":\"https:\\\/\\\/grinellstudio.com\\\/wp-content\\\/uploads\\\/2023\\\/10\\\/favicon.png\",\"contentUrl\":\"https:\\\/\\\/grinellstudio.com\\\/wp-content\\\/uploads\\\/2023\\\/10\\\/favicon.png\",\"width\":514,\"height\":514,\"caption\":\"Grinell Studio\"},\"image\":{\"@id\":\"https:\\\/\\\/grinellstudio.com\\\/sr\\\/#\\\/schema\\\/logo\\\/image\\\/\"},\"sameAs\":[\"https:\\\/\\\/www.facebook.com\\\/GrinelS\",\"https:\\\/\\\/www.instagram.com\\\/grinell.studio\\\/?hl=en\",\"https:\\\/\\\/www.linkedin.com\\\/company\\\/grinellstudio\\\/\"]}]}<\/script>\n<!-- \/ Yoast SEO plugin. -->","yoast_head_json":{"title":"Blog - Grinell Studio","description":"Istra\u017eite blog Grinell Studija za najnovije kreativne i stru\u010dne savete o poslovanju, grafi\u010dkom dizajnu, 3D modelovanju, video produkciji i jo\u0161 mnogo toga. Istra\u017eite na\u0161e informativne \u010dlanke da pobolj\u0161ate va\u0161e razumevanje modernih trendova i praksi dizajna.","robots":{"index":"index","follow":"follow","max-snippet":"max-snippet:-1","max-image-preview":"max-image-preview:large","max-video-preview":"max-video-preview:-1"},"canonical":"https:\/\/grinellstudio.com\/sr\/blog\/","og_locale":"sr_RS","og_type":"article","og_title":"Blog - Grinell Studio","og_description":"Istra\u017eite blog Grinell Studija za najnovije kreativne i stru\u010dne savete o poslovanju, grafi\u010dkom dizajnu, 3D modelovanju, video produkciji i jo\u0161 mnogo toga. Istra\u017eite na\u0161e informativne \u010dlanke da pobolj\u0161ate va\u0161e razumevanje modernih trendova i praksi dizajna.","og_url":"https:\/\/grinellstudio.com\/sr\/blog\/","og_site_name":"Grinell Studio","article_publisher":"https:\/\/www.facebook.com\/GrinelS","article_modified_time":"2025-10-16T10:56:54+00:00","og_image":[{"width":1500,"height":1000,"url":"https:\/\/grinellstudio.com\/wp-content\/uploads\/2023\/12\/visual.png","type":"image\/png"}],"twitter_card":"summary_large_image","schema":{"@context":"https:\/\/schema.org","@graph":[{"@type":"WebPage","@id":"https:\/\/grinellstudio.com\/sr\/blog\/","url":"https:\/\/grinellstudio.com\/sr\/blog\/","name":"Blog - Grinell Studio","isPartOf":{"@id":"https:\/\/grinellstudio.com\/sr\/#website"},"primaryImageOfPage":{"@id":"https:\/\/grinellstudio.com\/sr\/blog\/#primaryimage"},"image":{"@id":"https:\/\/grinellstudio.com\/sr\/blog\/#primaryimage"},"thumbnailUrl":"https:\/\/grinellstudio.com\/wp-content\/uploads\/2023\/12\/visual.png","datePublished":"2022-03-22T21:29:25+00:00","dateModified":"2025-10-16T10:56:54+00:00","description":"Istra\u017eite blog Grinell Studija za najnovije kreativne i stru\u010dne savete o poslovanju, grafi\u010dkom dizajnu, 3D modelovanju, video produkciji i jo\u0161 mnogo toga. Istra\u017eite na\u0161e informativne \u010dlanke da pobolj\u0161ate va\u0161e razumevanje modernih trendova i praksi dizajna.","breadcrumb":{"@id":"https:\/\/grinellstudio.com\/sr\/blog\/#breadcrumb"},"inLanguage":"sr-RS","potentialAction":[{"@type":"ReadAction","target":["https:\/\/grinellstudio.com\/sr\/blog\/"]}]},{"@type":"ImageObject","inLanguage":"sr-RS","@id":"https:\/\/grinellstudio.com\/sr\/blog\/#primaryimage","url":"https:\/\/grinellstudio.com\/wp-content\/uploads\/2023\/12\/visual.png","contentUrl":"https:\/\/grinellstudio.com\/wp-content\/uploads\/2023\/12\/visual.png","width":1500,"height":1000},{"@type":"BreadcrumbList","@id":"https:\/\/grinellstudio.com\/sr\/blog\/#breadcrumb","itemListElement":[{"@type":"ListItem","position":1,"name":"Home","item":"https:\/\/grinellstudio.com\/sr\/"},{"@type":"ListItem","position":2,"name":"Blog"}]},{"@type":"WebSite","@id":"https:\/\/grinellstudio.com\/sr\/#website","url":"https:\/\/grinellstudio.com\/sr\/","name":"Grinell Studio","description":"Creative Design Agency","publisher":{"@id":"https:\/\/grinellstudio.com\/sr\/#organization"},"potentialAction":[{"@type":"SearchAction","target":{"@type":"EntryPoint","urlTemplate":"https:\/\/grinellstudio.com\/sr\/?s={search_term_string}"},"query-input":{"@type":"PropertyValueSpecification","valueRequired":true,"valueName":"search_term_string"}}],"inLanguage":"sr-RS"},{"@type":"Organization","@id":"https:\/\/grinellstudio.com\/sr\/#organization","name":"Grinell Studio","url":"https:\/\/grinellstudio.com\/sr\/","logo":{"@type":"ImageObject","inLanguage":"sr-RS","@id":"https:\/\/grinellstudio.com\/sr\/#\/schema\/logo\/image\/","url":"https:\/\/grinellstudio.com\/wp-content\/uploads\/2023\/10\/favicon.png","contentUrl":"https:\/\/grinellstudio.com\/wp-content\/uploads\/2023\/10\/favicon.png","width":514,"height":514,"caption":"Grinell Studio"},"image":{"@id":"https:\/\/grinellstudio.com\/sr\/#\/schema\/logo\/image\/"},"sameAs":["https:\/\/www.facebook.com\/GrinelS","https:\/\/www.instagram.com\/grinell.studio\/?hl=en","https:\/\/www.linkedin.com\/company\/grinellstudio\/"]}]}},"_links":{"self":[{"href":"https:\/\/grinellstudio.com\/sr\/wp-json\/wp\/v2\/pages\/5873","targetHints":{"allow":["GET"]}}],"collection":[{"href":"https:\/\/grinellstudio.com\/sr\/wp-json\/wp\/v2\/pages"}],"about":[{"href":"https:\/\/grinellstudio.com\/sr\/wp-json\/wp\/v2\/types\/page"}],"author":[{"embeddable":true,"href":"https:\/\/grinellstudio.com\/sr\/wp-json\/wp\/v2\/users\/1"}],"replies":[{"embeddable":true,"href":"https:\/\/grinellstudio.com\/sr\/wp-json\/wp\/v2\/comments?post=5873"}],"version-history":[{"count":2,"href":"https:\/\/grinellstudio.com\/sr\/wp-json\/wp\/v2\/pages\/5873\/revisions"}],"predecessor-version":[{"id":6152,"href":"https:\/\/grinellstudio.com\/sr\/wp-json\/wp\/v2\/pages\/5873\/revisions\/6152"}],"wp:featuredmedia":[{"embeddable":true,"href":"https:\/\/grinellstudio.com\/sr\/wp-json\/wp\/v2\/media\/5781"}],"wp:attachment":[{"href":"https:\/\/grinellstudio.com\/sr\/wp-json\/wp\/v2\/media?parent=5873"}],"curies":[{"name":"wp","href":"https:\/\/api.w.org\/{rel}","templated":true}]}}